{"id":13026,"date":"2020-06-12T02:36:16","date_gmt":"2020-06-12T02:36:16","guid":{"rendered":"http:\/\/demo.zozothemes.com\/import\/uploads-temp\/vind\/?page_id=13026"},"modified":"2025-07-16T12:04:05","modified_gmt":"2025-07-16T12:04:05","slug":"acerca-de-nosotros","status":"publish","type":"page","link":"https:\/\/kccp.datadesignsystems.dev\/es\/acerca-de-nosotros\/","title":{"rendered":"Sobre nosotros"},"content":{"rendered":"<div data-elementor-type=\"wp-page\" data-elementor-id=\"13026\" class=\"elementor elementor-13026\" data-elementor-post-type=\"page\">\n\t\t\t\t<div class=\"elementor-element elementor-element-1caec33 e-flex e-con-boxed e-con e-parent\" data-id=\"1caec33\" data-element_type=\"container\" data-settings=\"{&quot;background_background&quot;:&quot;classic&quot;}\">\n\t\t\t\t\t<div class=\"e-con-inner\">\n\t\t<div class=\"elementor-element elementor-element-cba8082 e-con-full e-flex e-con e-child\" data-id=\"cba8082\" data-element_type=\"container\">\n\t\t\t\t<div class=\"elementor-element elementor-element-d1481ff elementor-widget elementor-widget-heading\" data-id=\"d1481ff\" data-element_type=\"widget\" data-widget_type=\"heading.default\">\n\t\t\t\t<div class=\"elementor-widget-container\">\n\t\t\t\t\t<h2 class=\"elementor-heading-title elementor-size-default\"> \u00bfQu\u00e9 es el Community Choice Aggregation (CCA)?<\/h2>\t\t\t\t<\/div>\n\t\t\t\t<\/div>\n\t\t\t\t<div class=\"elementor-element elementor-element-0a4eba7 elementor-widget elementor-widget-text-editor\" data-id=\"0a4eba7\" data-element_type=\"widget\" data-widget_type=\"text-editor.default\">\n\t\t\t\t<div class=\"elementor-widget-container\">\n\t\t\t\t\t\t\t\t\tCommunity Choice Aggregation or CCA, is a program available to cities, counties, and special districts to aggregate electricity load and purchase and\/or generate electricity for their residents and businesses within their borders.\t\t\t\t\t\t\t\t<\/div>\n\t\t\t\t<\/div>\n\t\t\t\t<div class=\"elementor-element elementor-element-bef47bc elementor-widget elementor-widget-text-editor\" data-id=\"bef47bc\" data-element_type=\"widget\" data-widget_type=\"text-editor.default\">\n\t\t\t\t<div class=\"elementor-widget-container\">\n\t\t\t\t\t\t\t\t\tKing City Community Power (KCCP) is a CCA that serves residents and businesses within King City limits. While your energy is supplied by us, PG&amp;E will continue to provide service you have always counted on such as: gas related services, delivering our electricity to you, maintaining the distribution lines, meter reading, billing, outage response services and discounts.\t\t\t\t\t\t\t\t<\/div>\n\t\t\t\t<\/div>\n\t\t\t\t<\/div>\n\t\t\t\t\t<\/div>\n\t\t\t\t<\/div>\n\t\t<div class=\"elementor-element elementor-element-063de66 e-flex e-con-boxed e-con e-parent\" data-id=\"063de66\" data-element_type=\"container\">\n\t\t\t\t\t<div class=\"e-con-inner\">\n\t\t\t\t<div class=\"elementor-element elementor-element-712dbe2 elementor-invisible elementor-widget elementor-widget-vindsectiontitle\" data-id=\"712dbe2\" data-element_type=\"widget\" data-settings=\"{&quot;_animation&quot;:&quot;fadeIn&quot;}\" data-widget_type=\"vindsectiontitle.default\">\n\t\t\t\t<div class=\"elementor-widget-container\">\n\t\t\t\t\t<div class=\"section-title-wrapper text-center\"><div class=\"title-wrap\"><h2 class=\"section-title\">How CCA\u2019s Work<\/h2><\/div><!-- .title-wrap --><div class=\"section-description\"><\/div><!-- .section-description --><\/div><!-- .section-title-wrapper -->\t\t\t\t<\/div>\n\t\t\t\t<\/div>\n\t\t\t\t<div class=\"elementor-element elementor-element-7fb0065 elementor-widget elementor-widget-image\" data-id=\"7fb0065\" data-element_type=\"widget\" data-widget_type=\"image.default\">\n\t\t\t\t<div class=\"elementor-widget-container\">\n\t\t\t\t\t\t\t\t\t\t\t\t\t\t\t<img fetchpriority=\"high\" decoding=\"async\" width=\"1200\" height=\"800\" src=\"https:\/\/kccp.datadesignsystems.dev\/wp-content\/uploads\/2025\/07\/CCA-Graphic_Spanish.jpg\" class=\"attachment-full size-full wp-image-18935\" alt=\"\" srcset=\"https:\/\/kccp.datadesignsystems.dev\/wp-content\/uploads\/2025\/07\/CCA-Graphic_Spanish.jpg 1200w, https:\/\/kccp.datadesignsystems.dev\/wp-content\/uploads\/2025\/07\/CCA-Graphic_Spanish-768x512.jpg 768w, https:\/\/kccp.datadesignsystems.dev\/wp-content\/uploads\/2025\/07\/CCA-Graphic_Spanish-18x12.jpg 18w\" sizes=\"(max-width: 1200px) 100vw, 1200px\" \/>\t\t\t\t\t\t\t\t\t\t\t\t\t\t\t<\/div>\n\t\t\t\t<\/div>\n\t\t\t\t\t<\/div>\n\t\t\t\t<\/div>\n\t\t<div class=\"elementor-element elementor-element-54548b8 animated-slow e-flex e-con-boxed elementor-invisible e-con e-parent\" data-id=\"54548b8\" data-element_type=\"container\" data-settings=\"{&quot;background_background&quot;:&quot;classic&quot;,&quot;animation&quot;:&quot;fadeIn&quot;}\">\n\t\t\t\t\t<div class=\"e-con-inner\">\n\t\t<div class=\"elementor-element elementor-element-5e04ab6 e-con-full e-flex e-con e-child\" data-id=\"5e04ab6\" data-element_type=\"container\">\n\t\t\t\t<div class=\"elementor-element elementor-element-3c4654e elementor-invisible elementor-widget elementor-widget-vindsectiontitle\" data-id=\"3c4654e\" data-element_type=\"widget\" data-settings=\"{&quot;_animation&quot;:&quot;fadeIn&quot;}\" data-widget_type=\"vindsectiontitle.default\">\n\t\t\t\t<div class=\"elementor-widget-container\">\n\t\t\t\t\t<div class=\"section-title-wrapper text-center\"><div class=\"title-wrap\"><h2 class=\"section-title\">\u00bfPor qu\u00e9 elegir la Agregaci\u00f3n de Elecci\u00f3n Comunitaria (CCA)?<\/h2><\/div><!-- .title-wrap --><div class=\"section-description\"><\/div><!-- .section-description --><\/div><!-- .section-title-wrapper -->\t\t\t\t<\/div>\n\t\t\t\t<\/div>\n\t\t\t\t<\/div>\n\t\t<div class=\"elementor-element elementor-element-6847a01 e-con-full e-grid elementor-invisible e-con e-child\" data-id=\"6847a01\" data-element_type=\"container\" data-settings=\"{&quot;animation&quot;:&quot;fadeIn&quot;}\">\n\t\t\t\t<div class=\"elementor-element elementor-element-cda8031 elementor-widget elementor-widget-vindfeaturebox\" data-id=\"cda8031\" data-element_type=\"widget\" data-widget_type=\"vindfeaturebox.default\">\n\t\t\t\t<div class=\"elementor-widget-container feature-box-wrapper text-left feature-box-classic shortcode-rand-1 vind-inline-css\" data-css=\"&quot;.shortcode-rand-1.feature-box-wrapper .feature-box-inner &gt; *:nth-child(1), .shortcode-rand-1.feature-box-wrapper &gt; .media &gt; .media-body &gt; *:nth-child(1) { margin-bottom: 12px; }&quot;\">\r\n\t\t\t<div class=\"media\"><div class=\"media-icon-part\"><div class=\"feature-box-image squared fbox-img-overlay-none\"><img decoding=\"async\" class=\"img-fluid\" src=\"https:\/\/elementor.zozothemes.com\/wp-content\/uploads\/uploads-temp\/vind\/2019\/04\/wind-energy-cl.png\" alt=\"Feature Box Image\"><\/div><\/div><div class=\"media-body\"><h4 class=\"feature-box-title\">Control de energ\u00eda local<\/h4><div class=\"fbox-content\">Ofrece a negocios y residentes un control local sobre sus opciones de energ\u00eda. <\/div><\/div><!-- .media-body --><\/div><!-- .media -->\t\t<\/div>\r\n\t\t\t\t<\/div>\n\t\t\t\t<div class=\"elementor-element elementor-element-6a37e99 elementor-widget elementor-widget-vindfeaturebox\" data-id=\"6a37e99\" data-element_type=\"widget\" data-widget_type=\"vindfeaturebox.default\">\n\t\t\t\t<div class=\"elementor-widget-container feature-box-wrapper text-left feature-box-classic shortcode-rand-2 vind-inline-css\" data-css=\"&quot;.shortcode-rand-2.feature-box-wrapper .feature-box-inner &gt; *:nth-child(1), .shortcode-rand-2.feature-box-wrapper &gt; .media &gt; .media-body &gt; *:nth-child(1) { margin-bottom: 12px; }&quot;\">\r\n\t\t\t<div class=\"media\"><div class=\"media-icon-part\"><div class=\"feature-box-image squared fbox-img-overlay-none\"><img decoding=\"async\" class=\"img-fluid\" src=\"https:\/\/kccp.datadesignsystems.dev\/wp-content\/uploads\/2025\/07\/power-high-voltage-svgrepo-com-4.svg\" alt=\"Feature Box Image\"><\/div><\/div><div class=\"media-body\"><h4 class=\"feature-box-title\">Servicio continuo de PG&amp;E<\/h4><div class=\"fbox-content\">PG&amp;E contin\u00faa ofreciendo a los clientes de KCCP los mismos servicios fiables de mantenimiento y distribuci\u00f3n el\u00e9ctricos.<\/div><\/div><!-- .media-body --><\/div><!-- .media -->\t\t<\/div>\r\n\t\t\t\t<\/div>\n\t\t\t\t<div class=\"elementor-element elementor-element-01c8574 elementor-widget elementor-widget-vindfeaturebox\" data-id=\"01c8574\" data-element_type=\"widget\" data-widget_type=\"vindfeaturebox.default\">\n\t\t\t\t<div class=\"elementor-widget-container feature-box-wrapper text-left feature-box-classic shortcode-rand-3 vind-inline-css\" data-css=\"&quot;.shortcode-rand-3.feature-box-wrapper .feature-box-inner &gt; *:nth-child(1), .shortcode-rand-3.feature-box-wrapper &gt; .media &gt; .media-body &gt; *:nth-child(1) { margin-bottom: 12px; }&quot;\">\r\n\t\t\t<div class=\"media\"><div class=\"media-icon-part\"><div class=\"feature-box-image squared fbox-img-overlay-none\"><img decoding=\"async\" class=\"img-fluid\" src=\"https:\/\/elementor.zozothemes.com\/wp-content\/uploads\/uploads-temp\/vind\/2019\/04\/renewable-energy-cl.png\" alt=\"Feature Box Image\"><\/div><\/div><div class=\"media-body\"><h4 class=\"feature-box-title\">Mayor acceso a energ\u00eda limpia y renovable<\/h4><div class=\"fbox-content\">Provides the community with a higher percentage of cleaner and renewable energy than the investor-owned utility.<\/div><\/div><!-- .media-body --><\/div><!-- .media -->\t\t<\/div>\r\n\t\t\t\t<\/div>\n\t\t\t\t<div class=\"elementor-element elementor-element-38c8fca elementor-widget elementor-widget-vindfeaturebox\" data-id=\"38c8fca\" data-element_type=\"widget\" data-widget_type=\"vindfeaturebox.default\">\n\t\t\t\t<div class=\"elementor-widget-container feature-box-wrapper text-left feature-box-classic shortcode-rand-4 vind-inline-css\" data-css=\"&quot;.shortcode-rand-4.feature-box-wrapper .feature-box-inner &gt; *:nth-child(1), .shortcode-rand-4.feature-box-wrapper &gt; .media &gt; .media-body &gt; *:nth-child(1) { margin-bottom: 12px; }&quot;\">\r\n\t\t\t<div class=\"media\"><div class=\"media-icon-part\"><div class=\"feature-box-image squared fbox-img-overlay-none\"><img decoding=\"async\" class=\"img-fluid\" src=\"https:\/\/kccp.datadesignsystems.dev\/wp-content\/uploads\/2025\/05\/solar-energy-renewable-energy-svgrepo-com-2.svg\" alt=\"Feature Box Image\"><\/div><\/div><div class=\"media-body\"><h4 class=\"feature-box-title\">Precios competitivos para la electricidad renovable<\/h4><div class=\"fbox-content\">Facilita el acceso a precios competitivos y a una electricidad de menor costo.<\/div><\/div><!-- .media-body --><\/div><!-- .media -->\t\t<\/div>\r\n\t\t\t\t<\/div>\n\t\t\t\t<div class=\"elementor-element elementor-element-1d83a84 elementor-widget elementor-widget-vindfeaturebox\" data-id=\"1d83a84\" data-element_type=\"widget\" data-widget_type=\"vindfeaturebox.default\">\n\t\t\t\t<div class=\"elementor-widget-container feature-box-wrapper text-left feature-box-classic shortcode-rand-5 vind-inline-css\" data-css=\"&quot;.shortcode-rand-5.feature-box-wrapper .feature-box-inner &gt; *:nth-child(1), .shortcode-rand-5.feature-box-wrapper &gt; .media &gt; .media-body &gt; *:nth-child(1) { margin-bottom: 12px; }&quot;\">\r\n\t\t\t<div class=\"media\"><div class=\"media-icon-part\"><div class=\"feature-box-image squared fbox-img-overlay-none\"><img decoding=\"async\" class=\"img-fluid\" src=\"https:\/\/kccp.datadesignsystems.dev\/wp-content\/uploads\/2025\/07\/solar-panel2-cl.png\" alt=\"Feature Box Image\"><\/div><\/div><div class=\"media-body\"><h4 class=\"feature-box-title\">Net Energy Metering Payout<\/h4><div class=\"fbox-content\">Provides an annual payout for any excess usage generated.<\/div><\/div><!-- .media-body --><\/div><!-- .media -->\t\t<\/div>\r\n\t\t\t\t<\/div>\n\t\t\t\t<div class=\"elementor-element elementor-element-69b9b10 elementor-widget elementor-widget-vindfeaturebox\" data-id=\"69b9b10\" data-element_type=\"widget\" data-widget_type=\"vindfeaturebox.default\">\n\t\t\t\t<div class=\"elementor-widget-container feature-box-wrapper text-left feature-box-classic shortcode-rand-6 vind-inline-css\" data-css=\"&quot;.shortcode-rand-6.feature-box-wrapper .feature-box-inner &gt; *:nth-child(1), .shortcode-rand-6.feature-box-wrapper &gt; .media &gt; .media-body &gt; *:nth-child(1) { margin-bottom: 12px; }&quot;\">\r\n\t\t\t<div class=\"media\"><div class=\"media-icon-part\"><div class=\"feature-box-image squared fbox-img-overlay-none\"><img decoding=\"async\" class=\"img-fluid\" src=\"https:\/\/elementor.zozothemes.com\/wp-content\/uploads\/uploads-temp\/vind\/2019\/04\/green-energy-cl.png\" alt=\"Feature Box Image\"><\/div><\/div><div class=\"media-body\"><h4 class=\"feature-box-title\">Impacto econ\u00f3mico local positiv<\/h4><div class=\"fbox-content\">Tiene un impacto positivo en la econom\u00eda local mediante la asignaci\u00f3n de ingresos excedentes de las adquisiciones de KCCP a la comunidad.<\/div><\/div><!-- .media-body --><\/div><!-- .media -->\t\t<\/div>\r\n\t\t\t\t<\/div>\n\t\t\t\t<\/div>\n\t\t\t\t\t<\/div>\n\t\t\t\t<\/div>\n\t\t<div class=\"elementor-element elementor-element-b2f6367 e-flex e-con-boxed e-con e-parent\" data-id=\"b2f6367\" data-element_type=\"container\" id=\"programs\">\n\t\t\t\t\t<div class=\"e-con-inner\">\n\t\t\t\t<div class=\"elementor-element elementor-element-eb9249e elementor-invisible elementor-widget elementor-widget-vindsectiontitle\" data-id=\"eb9249e\" data-element_type=\"widget\" data-settings=\"{&quot;_animation&quot;:&quot;fadeIn&quot;}\" data-widget_type=\"vindsectiontitle.default\">\n\t\t\t\t<div class=\"elementor-widget-container\">\n\t\t\t\t\t<div class=\"section-title-wrapper text-center\"><div class=\"title-wrap\"><h2 class=\"section-title\">How KCCP is working to better support you<\/h2><\/div><!-- .title-wrap --><div class=\"section-description\"><\/div><!-- .section-description --><\/div><!-- .section-title-wrapper -->\t\t\t\t<\/div>\n\t\t\t\t<\/div>\n\t\t\t\t<div class=\"elementor-element elementor-element-07bb269 set-img elementor-widget elementor-widget-vindportfolio\" data-id=\"07bb269\" data-element_type=\"widget\" data-widget_type=\"vindportfolio.default\">\n\t\t\t\t\r\n\t\t<div class=\"elementor-widget-container portfolio-wrapper image-gallery portfolio-style-default portfolio-light portfolio-normal-model\" data-css=\"&quot;&quot;\">\r\n\t\t\r\n\t\t\t<div class=\"row\"><div class=\"col-lg-6 col-md-6\"><div class=\"portfolio-inner\"><div class=\"post-thumb\"><img decoding=\"async\" width=\"494\" height=\"362\" src=\"https:\/\/kccp.datadesignsystems.dev\/wp-content\/uploads\/2025\/05\/streetlights.jpg\" class=\"img-fluid wp-post-image\" alt=\"\" srcset=\"https:\/\/kccp.datadesignsystems.dev\/wp-content\/uploads\/2025\/05\/streetlights.jpg 494w, https:\/\/kccp.datadesignsystems.dev\/wp-content\/uploads\/2025\/05\/streetlights-16x12.jpg 16w\" sizes=\"(max-width: 494px) 100vw, 494px\" \/><\/div><!-- .post-thumb --><div class=\"entry-title\"><h3 class=\"post-title-head\">Alumbrado P\u00fablico<\/div><!-- .entry-title --><div class=\"post-excerpt\"><p>Para cumplir con las recomendaciones de pol\u00edtica formuladas en el Plan Integral de\u00a0<span class=\"wixui-rich-text__text\"><a class=\"wixui-rich-text__text\" href=\"https:\/\/www.kingcitycommunitypower.org\/_files\/ugd\/bcf6fb_13573740248e4ca18535433ec236393e.pdf\" target=\"_blank\" rel=\"noopener\">King City para Terminar con la Violencia Juvenil,<\/a><\/span>, a portion of KCCP\u2019s excess revenues have been used to install\u00a0street lighting.\u00a0 This type of street lighting improves public safety and provides overall community value by providing lighting in areas without existing electric lines or poles.<\/p>\n<p>Para ver instalaciones de muestra en King City, haga clic en <a href=\"#solar-lights-kccp\"><strong>aqu\u00ed<\/strong><\/a><\/p>\n<\/div><!-- .post-excerpt --><\/div><!-- .portfolio-inner --><\/div><!-- .col \/ .owl-carousel-item \/ .isotope --><div class=\"col-lg-6 col-md-6\"><div class=\"portfolio-inner\"><div class=\"post-thumb\"><img decoding=\"async\" width=\"688\" height=\"504\" src=\"https:\/\/kccp.datadesignsystems.dev\/wp-content\/uploads\/2025\/05\/solar-installations.avif\" class=\"img-fluid wp-post-image\" alt=\"\" srcset=\"https:\/\/kccp.datadesignsystems.dev\/wp-content\/uploads\/2025\/05\/solar-installations.avif 688w, https:\/\/kccp.datadesignsystems.dev\/wp-content\/uploads\/2025\/05\/solar-installations-600x440.avif 600w\" sizes=\"(max-width: 688px) 100vw, 688px\" \/><\/div><!-- .post-thumb --><div class=\"entry-title\"><h3 class=\"post-title-head\">Instalaciones Solares<\/div><!-- .entry-title --><div class=\"post-excerpt\"><p>KCCP se asoci\u00f3 con <a href=\"https:\/\/gridalternatives.org\/\" target=\"_blank\" rel=\"noopener\">GRID Alternatives<\/a> con el fin de instalar paneles solares en viviendas para personas de ingresos limitados.  Al complementar a GRID Alternatives con fondos provenientes de los ingresos excedentes del KCCP, \u00a1nuestro objetivo es instalar paneles solares en todos los hogares para personas de ingresos limitados que re\u00fanan los requisitos en King City!<br \/>\nConsulte si re\u00fane los requisitos <a href=\"https:\/\/kccp.datadesignsystems.dev\/wp-content\/uploads\/2025\/05\/1-Pager-Monterey-County.pdf\" target=\"_blank\" rel=\"noopener\">aqu\u00ed<\/a><\/p>\n<p>Para ver instalaciones de muestra en King City, haga clic en <a href=\"#solar-installations-kccp\"><strong>aqu\u00ed<\/strong><\/a><\/p>\n<\/div><!-- .post-excerpt --><\/div><!-- .portfolio-inner --><\/div><!-- .col \/ .owl-carousel-item \/ .isotope --><\/div><!-- .row -->\t\t\t\r\n\t\t<\/div>\r\n\t\t\t\t<\/div>\n\t\t\t\t\t<\/div>\n\t\t\t\t<\/div>\n\t\t\t\t<section class=\"elementor-section elementor-top-section elementor-element elementor-element-4c08681 elementor-section-stretched elementor-section-full_width elementor-section-height-default elementor-section-height-default\" data-id=\"4c08681\" data-element_type=\"section\" data-settings=\"{&quot;stretch_section&quot;:&quot;section-stretched&quot;,&quot;background_background&quot;:&quot;classic&quot;}\">\n\t\t\t\t\t\t\t<div class=\"elementor-background-overlay\"><\/div>\n\t\t\t\t\t\t\t<div class=\"elementor-container elementor-column-gap-default\">\n\t\t\t\t\t<div class=\"elementor-column elementor-col-100 elementor-top-column elementor-element elementor-element-2681a7a\" data-id=\"2681a7a\" data-element_type=\"column\">\n\t\t\t<div class=\"elementor-widget-wrap elementor-element-populated\">\n\t\t\t\t\t\t<div class=\"elementor-element elementor-element-a830a98 elementor-widget elementor-widget-heading\" data-id=\"a830a98\" data-element_type=\"widget\" data-widget_type=\"heading.default\">\n\t\t\t\t<div class=\"elementor-widget-container\">\n\t\t\t\t\t<h2 class=\"elementor-heading-title elementor-size-default\">Nuestros Socios<\/h2>\t\t\t\t<\/div>\n\t\t\t\t<\/div>\n\t\t<div class=\"elementor-element elementor-element-5adc85a e-flex e-con-boxed e-con e-parent\" data-id=\"5adc85a\" data-element_type=\"container\">\n\t\t\t\t\t<div class=\"e-con-inner\">\n\t\t\t\t<div class=\"elementor-element elementor-element-6f5e093 scroll-loop-hover elementor-widget elementor-widget-image\" data-id=\"6f5e093\" data-element_type=\"widget\" data-widget_type=\"image.default\">\n\t\t\t\t<div class=\"elementor-widget-container\">\n\t\t\t\t\t\t\t\t\t\t\t\t\t\t\t\t<a href=\"https:\/\/gridalternatives.org\/\" target=\"_blank\">\n\t\t\t\t\t\t\t<img loading=\"lazy\" decoding=\"async\" width=\"546\" height=\"198\" src=\"https:\/\/kccp.datadesignsystems.dev\/wp-content\/uploads\/2025\/05\/grid-alternatives.avif\" class=\"attachment-large size-large wp-image-16464\" alt=\"\" \/>\t\t\t\t\t\t\t\t<\/a>\n\t\t\t\t\t\t\t\t\t\t\t\t\t\t\t<\/div>\n\t\t\t\t<\/div>\n\t\t\t\t<div class=\"elementor-element elementor-element-e6eb95a scroll-loop-hover elementor-widget elementor-widget-image\" data-id=\"e6eb95a\" data-element_type=\"widget\" data-widget_type=\"image.default\">\n\t\t\t\t<div class=\"elementor-widget-container\">\n\t\t\t\t\t\t\t\t\t\t\t\t\t\t\t\t<a href=\"https:\/\/pilotenergy.com\/\" target=\"_blank\">\n\t\t\t\t\t\t\t<img loading=\"lazy\" decoding=\"async\" width=\"565\" height=\"127\" src=\"https:\/\/kccp.datadesignsystems.dev\/wp-content\/uploads\/2025\/05\/Copy-of-Pilot_Logo_Short-smaller-1.avif\" class=\"attachment-large size-large wp-image-17777\" alt=\"\" srcset=\"https:\/\/kccp.datadesignsystems.dev\/wp-content\/uploads\/2025\/05\/Copy-of-Pilot_Logo_Short-smaller-1.avif 565w, https:\/\/kccp.datadesignsystems.dev\/wp-content\/uploads\/2025\/05\/Copy-of-Pilot_Logo_Short-smaller-1-18x4.avif 18w\" sizes=\"(max-width: 565px) 100vw, 565px\" \/>\t\t\t\t\t\t\t\t<\/a>\n\t\t\t\t\t\t\t\t\t\t\t\t\t\t\t<\/div>\n\t\t\t\t<\/div>\n\t\t\t\t\t<\/div>\n\t\t\t\t<\/div>\n\t\t\t\t\t<\/div>\n\t\t<\/div>\n\t\t\t\t\t<\/div>\n\t\t<\/section>\n\t\t<div class=\"elementor-element elementor-element-51c6605 e-flex e-con-boxed e-con e-parent\" data-id=\"51c6605\" data-element_type=\"container\">\n\t\t\t\t\t<div class=\"e-con-inner\">\n\t\t<div class=\"elementor-element elementor-element-f94fa0b e-con-full e-flex e-con e-child\" data-id=\"f94fa0b\" data-element_type=\"container\" data-settings=\"{&quot;background_background&quot;:&quot;classic&quot;}\">\n\t\t\t\t<div class=\"elementor-element elementor-element-7fbae7a elementor-widget elementor-widget-vindfeaturebox\" data-id=\"7fbae7a\" data-element_type=\"widget\" data-widget_type=\"vindfeaturebox.default\">\n\t\t\t\t<div class=\"elementor-widget-container feature-box-wrapper\" data-css=\"&quot;&quot;\">\r\n\t\t\t<div class=\"media\"><div class=\"media-icon-part\"><div class=\"feature-box-icon\"><span class=\"text-center theme-color-bg icon-icon-light rounded-circle fbox-icon-middle ti-light-bulb\"><\/span><\/div><\/div><div class=\"media-body\"><h4 class=\"feature-box-title\">Consejo Municipal de King City<\/h4><div class=\"fbox-content\">El Consejo Municipal de King City supervisa el KCCP y es responsable de ajustar las tarifas de electricidad y dirigir los programas especiales de energ\u00eda tales como la instalaci\u00f3n inal\u00e1mbrica de alumbrado p\u00fablico y la asociaci\u00f3n con GRID Alternatives a fin de instalar energ\u00eda solar para viviendas de bajos ingresos.  \n\n<\/div><\/div><!-- .media-body --><\/div><!-- .media -->\t\t<\/div>\r\n\t\t\t\t<\/div>\n\t\t\t\t<\/div>\n\t\t\t\t\t<\/div>\n\t\t\t\t<\/div>\n\t\t\t\t<\/div>","protected":false},"excerpt":{"rendered":"<p>What is Community Choice Aggregation? Community Choice Aggregation or CCA, is a program available to cities, counties, and special districts to aggregate electricity load and purchase and\/or generate electricity for their residents and businesses within their borders.King City Community Power (KCCP) is a CCA that serves residents and businesses within King City limits. While your energy is supplied by us, PG&amp;E will continue to provide service you have always counted on such as: gas related services, delivering our electricity to you, maintaining the distribution lines, meter reading, billing, outage response services and discounts. How CCA\u2019s Work Why Choose Community Choice<\/p>","protected":false},"author":1,"featured_media":0,"parent":0,"menu_order":0,"comment_status":"closed","ping_status":"closed","template":"elementor_header_footer","meta":{"footnotes":""},"class_list":["post-13026","page","type-page","status-publish","hentry"],"_links":{"self":[{"href":"https:\/\/kccp.datadesignsystems.dev\/es\/wp-json\/wp\/v2\/pages\/13026","targetHints":{"allow":["GET"]}}],"collection":[{"href":"https:\/\/kccp.datadesignsystems.dev\/es\/wp-json\/wp\/v2\/pages"}],"about":[{"href":"https:\/\/kccp.datadesignsystems.dev\/es\/wp-json\/wp\/v2\/types\/page"}],"author":[{"embeddable":true,"href":"https:\/\/kccp.datadesignsystems.dev\/es\/wp-json\/wp\/v2\/users\/1"}],"replies":[{"embeddable":true,"href":"https:\/\/kccp.datadesignsystems.dev\/es\/wp-json\/wp\/v2\/comments?post=13026"}],"version-history":[{"count":200,"href":"https:\/\/kccp.datadesignsystems.dev\/es\/wp-json\/wp\/v2\/pages\/13026\/revisions"}],"predecessor-version":[{"id":18938,"href":"https:\/\/kccp.datadesignsystems.dev\/es\/wp-json\/wp\/v2\/pages\/13026\/revisions\/18938"}],"wp:attachment":[{"href":"https:\/\/kccp.datadesignsystems.dev\/es\/wp-json\/wp\/v2\/media?parent=13026"}],"curies":[{"name":"wp","href":"https:\/\/api.w.org\/{rel}","templated":true}]}}