{"id":16453,"date":"2025-05-05T14:20:54","date_gmt":"2025-05-05T14:20:54","guid":{"rendered":"https:\/\/kccp.datadesignsystems.dev\/?page_id=16453"},"modified":"2025-07-15T20:14:16","modified_gmt":"2025-07-15T20:14:16","slug":"tarifas-de-facturacion","status":"publish","type":"page","link":"https:\/\/kccp.datadesignsystems.dev\/es\/tarifas-de-facturacion\/","title":{"rendered":"Facturaci\u00f3n y Tarifas"},"content":{"rendered":"<div data-elementor-type=\"wp-page\" data-elementor-id=\"16453\" class=\"elementor elementor-16453\" data-elementor-post-type=\"page\">\n\t\t\t\t<div class=\"elementor-element elementor-element-480cfe1 e-con-full e-flex e-con e-parent\" data-id=\"480cfe1\" data-element_type=\"container\">\n\t\t<div class=\"elementor-element elementor-element-83c49af e-con-full e-flex e-con e-child\" data-id=\"83c49af\" data-element_type=\"container\" data-settings=\"{&quot;background_background&quot;:&quot;classic&quot;}\">\n\t\t\t\t<\/div>\n\t\t<div class=\"elementor-element elementor-element-20e555d e-con-full e-flex e-con e-child\" data-id=\"20e555d\" data-element_type=\"container\" data-settings=\"{&quot;background_background&quot;:&quot;classic&quot;}\">\n\t\t\t\t<div class=\"elementor-element elementor-element-7ef2a3b elementor-widget__width-initial set-br elementor-widget elementor-widget-vindsectiontitle\" data-id=\"7ef2a3b\" data-element_type=\"widget\" id=\"billing-rates-hero-section\" data-widget_type=\"vindsectiontitle.default\">\n\t\t\t\t<div class=\"elementor-widget-container\">\n\t\t\t\t\t<div class=\"section-title-wrapper margin-bottom-0\"><div class=\"title-wrap\"><h2 class=\"section-title\">Facturaci\u00f3n y Tarifas<\/h2><\/div><!-- .title-wrap --><div class=\"section-description\">Desde 2018, King City Community Power ofrece tarifas de generaci\u00f3n el\u00e9ctrica competitivas en comparaci\u00f3n con PG&amp;E. Adem\u00e1s de nuestros precios accesibles, KCCP ofrece reembolsos anuales y descuentos en la factura de la electricidad a sus clientes, lo que hace que nuestra soluci\u00f3n energ\u00e9tica sea a\u00fan m\u00e1s asequible. \n<br><br>\nVea el costo mensual promedio para cada tipo de cliente a continuaci\u00f3n.\n<\/div><!-- .section-description --><\/div><!-- .section-title-wrapper -->\t\t\t\t<\/div>\n\t\t\t\t<\/div>\n\t\t<div class=\"elementor-element elementor-element-155f7a9 e-con-full e-flex e-con e-child\" data-id=\"155f7a9\" data-element_type=\"container\">\n\t\t\t\t<div class=\"elementor-element elementor-element-1a97396 elementor-align-right elementor-widget elementor-widget-button\" data-id=\"1a97396\" data-element_type=\"widget\" data-widget_type=\"button.default\">\n\t\t\t\t<div class=\"elementor-widget-container\">\n\t\t\t\t\t\t\t\t\t<div class=\"elementor-button-wrapper\">\n\t\t\t\t\t<a class=\"elementor-button elementor-button-link elementor-size-sm\" href=\"\/es\/tarifas-residenciales\/\">\n\t\t\t\t\t\t<span class=\"elementor-button-content-wrapper\">\n\t\t\t\t\t\t\t\t\t<span class=\"elementor-button-text\">Tarifas Residenciales<\/span>\n\t\t\t\t\t<\/span>\n\t\t\t\t\t<\/a>\n\t\t\t\t<\/div>\n\t\t\t\t\t\t\t\t<\/div>\n\t\t\t\t<\/div>\n\t\t\t\t<div class=\"elementor-element elementor-element-a8cac80 elementor-widget elementor-widget-button\" data-id=\"a8cac80\" data-element_type=\"widget\" data-widget_type=\"button.default\">\n\t\t\t\t<div class=\"elementor-widget-container\">\n\t\t\t\t\t\t\t\t\t<div class=\"elementor-button-wrapper\">\n\t\t\t\t\t<a class=\"elementor-button elementor-button-link elementor-size-sm\" href=\"\/es\/tarifas-comerciales\/\">\n\t\t\t\t\t\t<span class=\"elementor-button-content-wrapper\">\n\t\t\t\t\t\t\t\t\t<span class=\"elementor-button-text\">Tarifas Comerciales<\/span>\n\t\t\t\t\t<\/span>\n\t\t\t\t\t<\/a>\n\t\t\t\t<\/div>\n\t\t\t\t\t\t\t\t<\/div>\n\t\t\t\t<\/div>\n\t\t\t\t<\/div>\n\t\t\t\t<\/div>\n\t\t\t\t<\/div>\n\t\t<div class=\"elementor-element elementor-element-47e4ebe e-con-full e-flex e-con e-parent\" data-id=\"47e4ebe\" data-element_type=\"container\">\n\t\t\t\t<div class=\"elementor-element elementor-element-affde82 elementor-widget elementor-widget-vindsectiontitle\" data-id=\"affde82\" data-element_type=\"widget\" data-widget_type=\"vindsectiontitle.default\">\n\t\t\t\t<div class=\"elementor-widget-container\">\n\t\t\t\t\t<div class=\"section-title-wrapper text-center\"><div class=\"title-wrap\"><h2 class=\"section-title\">CARE, FERA, y los descuentos de Medical Baseline<\/h2><\/div><!-- .title-wrap --><div class=\"section-description\"><\/div><!-- .section-description --><\/div><!-- .section-title-wrapper -->\t\t\t\t<\/div>\n\t\t\t\t<\/div>\n\t\t\t\t<\/div>\n\t\t<div class=\"elementor-element elementor-element-f7cea32 e-flex e-con-boxed e-con e-parent\" data-id=\"f7cea32\" data-element_type=\"container\">\n\t\t\t\t\t<div class=\"e-con-inner\">\n\t\t\t\t<div class=\"elementor-element elementor-element-57f620f elementor-widget elementor-widget-icon-box\" data-id=\"57f620f\" data-element_type=\"widget\" data-widget_type=\"icon-box.default\">\n\t\t\t\t<div class=\"elementor-widget-container\">\n\t\t\t\t\t\t\t<div class=\"elementor-icon-box-wrapper\">\n\n\t\t\t\n\t\t\t\t\t\t<div class=\"elementor-icon-box-content\">\n\n\t\t\t\t\t\t\t\t\t<h3 class=\"elementor-icon-box-title\">\n\t\t\t\t\t\t<span  >\n\t\t\t\t\t\t\tProgramas de descuento estatales\t\t\t\t\t\t<\/span>\n\t\t\t\t\t<\/h3>\n\t\t\t\t\n\t\t\t\t\t\t\t\t\t<p class=\"elementor-icon-box-description\">\n\t\t\t\t\t\tPG&amp;E seguir\u00e1 implementando los siguientes programas estatales que ofrecen ahorros mensuales autom\u00e1ticos en su factura de energ\u00eda. Los clientes de KCCP inscritos en estos programas seguir\u00e1n recibiendo los mismos beneficios.\t\t\t\t\t<\/p>\n\t\t\t\t\n\t\t\t<\/div>\n\t\t\t\n\t\t<\/div>\n\t\t\t\t\t\t<\/div>\n\t\t\t\t<\/div>\n\t\t\t\t\t<\/div>\n\t\t\t\t<\/div>\n\t\t<div class=\"elementor-element elementor-element-f4bab9b e-flex e-con-boxed e-con e-parent\" data-id=\"f4bab9b\" data-element_type=\"container\">\n\t\t\t\t\t<div class=\"e-con-inner\">\n\t\t<div class=\"elementor-element elementor-element-060d564 e-con-full e-flex e-con e-child\" data-id=\"060d564\" data-element_type=\"container\" data-settings=\"{&quot;background_background&quot;:&quot;classic&quot;}\">\n\t\t\t\t<div class=\"elementor-element elementor-element-540d5af elementor-widget elementor-widget-icon-box\" data-id=\"540d5af\" data-element_type=\"widget\" data-widget_type=\"icon-box.default\">\n\t\t\t\t<div class=\"elementor-widget-container\">\n\t\t\t\t\t\t\t<div class=\"elementor-icon-box-wrapper\">\n\n\t\t\t\n\t\t\t\t\t\t<div class=\"elementor-icon-box-content\">\n\n\t\t\t\t\t\t\t\t\t<h3 class=\"elementor-icon-box-title\">\n\t\t\t\t\t\t<span  >\n\t\t\t\t\t\t\tCalifornia Alternative Rates for Energy (CARE)\t\t\t\t\t\t<\/span>\n\t\t\t\t\t<\/h3>\n\t\t\t\t\n\t\t\t\t\t\t\t\t\t<p class=\"elementor-icon-box-description\">\n\t\t\t\t\t\tEl programa CARE se compromete a hacer que la energ\u00eda sea m\u00e1s asequible y accesible para los hogares de bajos ingresos, con un descuento mensual del 20 % o m\u00e1s en gas y electricidad, brind\u00e1ndoles el alivio financiero que necesitan para administrar sus costos de energ\u00eda eficazmente. Para obtener m\u00e1s informaci\u00f3n sobre CARE y c\u00f3mo solicitarla, visite <a href=\"https:\/\/www.pge.com\/es\/account\/billing-and-assistance\/financial-assistance\/california-alternate-rates-for-energy-program.html\" target=\"_blank\">Sitio web del programa CARE de PG&amp;E<\/a>.\t\t\t\t\t<\/p>\n\t\t\t\t\n\t\t\t<\/div>\n\t\t\t\n\t\t<\/div>\n\t\t\t\t\t\t<\/div>\n\t\t\t\t<\/div>\n\t\t\t\t<\/div>\n\t\t<div class=\"elementor-element elementor-element-ffca354 e-con-full e-flex e-con e-child\" data-id=\"ffca354\" data-element_type=\"container\" data-settings=\"{&quot;background_background&quot;:&quot;classic&quot;}\">\n\t\t\t\t<div class=\"elementor-element elementor-element-5ecc753 elementor-widget elementor-widget-icon-box\" data-id=\"5ecc753\" data-element_type=\"widget\" data-widget_type=\"icon-box.default\">\n\t\t\t\t<div class=\"elementor-widget-container\">\n\t\t\t\t\t\t\t<div class=\"elementor-icon-box-wrapper\">\n\n\t\t\t\n\t\t\t\t\t\t<div class=\"elementor-icon-box-content\">\n\n\t\t\t\t\t\t\t\t\t<h3 class=\"elementor-icon-box-title\">\n\t\t\t\t\t\t<span  >\n\t\t\t\t\t\t\tFamily Electric Rate Assistance (FERA)\t\t\t\t\t\t<\/span>\n\t\t\t\t\t<\/h3>\n\t\t\t\t\n\t\t\t\t\t\t\t\t\t<p class=\"elementor-icon-box-description\">\n\t\t\t\t\t\tEl programa FERA ayuda a los clientes elegibles a pagar su factura de energ\u00eda. Los clientes que califican seg\u00fan sus ingresos obtienen un descuento mensual del 18% en las tarifas el\u00e9ctricas. Tenga en cuenta que FERA y CARE comparten una misma solicitud. Si no califica para FERA, PG&amp;E verificar\u00e1 si califica para CARE. Para obtener m\u00e1s informaci\u00f3n sobre FERA y c\u00f3mo solicitarlo, visite <a href=\"https:\/\/www.pge.com\/en\/account\/billing-and-assistance\/financial-assistance\/family-electric-rate-assistance-program-fera.html\" target=\"_blank\">Sitio web del programa FERA de PG&amp;E<\/a>.\t\t\t\t\t<\/p>\n\t\t\t\t\n\t\t\t<\/div>\n\t\t\t\n\t\t<\/div>\n\t\t\t\t\t\t<\/div>\n\t\t\t\t<\/div>\n\t\t\t\t<\/div>\n\t\t<div class=\"elementor-element elementor-element-84ed93f e-con-full e-flex e-con e-child\" data-id=\"84ed93f\" data-element_type=\"container\" data-settings=\"{&quot;background_background&quot;:&quot;classic&quot;}\">\n\t\t\t\t<div class=\"elementor-element elementor-element-edda1c3 elementor-widget elementor-widget-icon-box\" data-id=\"edda1c3\" data-element_type=\"widget\" data-widget_type=\"icon-box.default\">\n\t\t\t\t<div class=\"elementor-widget-container\">\n\t\t\t\t\t\t\t<div class=\"elementor-icon-box-wrapper\">\n\n\t\t\t\n\t\t\t\t\t\t<div class=\"elementor-icon-box-content\">\n\n\t\t\t\t\t\t\t\t\t<h3 class=\"elementor-icon-box-title\">\n\t\t\t\t\t\t<span  >\n\t\t\t\t\t\t\tDescuento de l\u00ednea base m\u00e9dica\t\t\t\t\t\t<\/span>\n\t\t\t\t\t<\/h3>\n\t\t\t\t\n\t\t\t\t\t\t\t\t\t<p class=\"elementor-icon-box-description\">\n\t\t\t\t\t\tEl Programa de L\u00ednea Base M\u00e9dica brinda apoyo esencial a los clientes residenciales que dependen de la electricidad para sus necesidades m\u00e9dicas. La elegibilidad se basa en la necesidad m\u00e9dica, no en los ingresos. Para obtener m\u00e1s informaci\u00f3n sobre el Programa de L\u00ednea Base M\u00e9dica y c\u00f3mo solicitarlo, visite  <a href=\"https:\/\/www.pge.com\/en\/account\/billing-and-assistance\/financial-assistance\/medical-baseline-program.html\" target=\"_blank\">Sitio web del programa Medical Baseline de PG&amp;E<\/a>.\t\t\t\t\t<\/p>\n\t\t\t\t\n\t\t\t<\/div>\n\t\t\t\n\t\t<\/div>\n\t\t\t\t\t\t<\/div>\n\t\t\t\t<\/div>\n\t\t\t\t<\/div>\n\t\t\t\t\t<\/div>\n\t\t\t\t<\/div>\n\t\t<div class=\"elementor-element elementor-element-8e35ee4 e-flex e-con-boxed e-con e-parent\" data-id=\"8e35ee4\" data-element_type=\"container\" data-settings=\"{&quot;background_background&quot;:&quot;classic&quot;}\">\n\t\t\t\t\t<div class=\"e-con-inner\">\n\t\t\t\t<div class=\"elementor-element elementor-element-263fb38 elementor-widget elementor-widget-heading\" data-id=\"263fb38\" data-element_type=\"widget\" data-widget_type=\"heading.default\">\n\t\t\t\t<div class=\"elementor-widget-container\">\n\t\t\t\t\t<h2 class=\"elementor-heading-title elementor-size-default\">C\u00f3mo Examinar su Factura<\/h2>\t\t\t\t<\/div>\n\t\t\t\t<\/div>\n\t\t\t\t<div class=\"elementor-element elementor-element-53463f3 elementor-hidden-desktop elementor-hidden-tablet elementor-hidden-mobile elementor-widget elementor-widget-text-editor\" data-id=\"53463f3\" data-element_type=\"widget\" data-widget_type=\"text-editor.default\">\n\t\t\t\t<div class=\"elementor-widget-container\">\n\t\t\t\t\t\t\t\t\t<p>Los clientes de King City Community Power (KCCP) reciben una \u00fanica factura mensual de PG&amp;E y la empresa de servicios p\u00fablicos recauda todos los cargos y env\u00eda el pago a KCCP.<\/p><p>Sabemos que las facturas pueden ser complicadas y estamos aqu\u00ed para ayudarte. Para obtener una explicaci\u00f3n de tu factura, haz clic aqu\u00ed. <a href=\"\/es\/como-examinar-su-factura\/\">aqu\u00ed<\/a>, o <a href=\"https:\/\/kccp.datadesignsystems.dev\/wp-content\/uploads\/2025\/05\/ENG-Bill-Explanation-FINAL-VERSION-2023.pdf\" target=\"_blank\" rel=\"noopener\">descargar<\/a> una copia para su referencia.<\/p><p>Si tienes m\u00e1s preguntas, no dudes en contactarnos. <a href=\"#elementor-action%3Aaction%3Dpopup%3Aopen%26settings%3DeyJpZCI6IjE3NDg5IiwidG9nZ2xlIjpmYWxzZX0%3D\">Comun\u00edquese con Nosotros<\/a>!<\/p>\t\t\t\t\t\t\t\t<\/div>\n\t\t\t\t<\/div>\n\t\t\t\t<div class=\"elementor-element elementor-element-ddb1929 elementor-widget elementor-widget-text-editor\" data-id=\"ddb1929\" data-element_type=\"widget\" data-widget_type=\"text-editor.default\">\n\t\t\t\t<div class=\"elementor-widget-container\">\n\t\t\t\t\t\t\t\t\t<p>Sabemos que las facturas pueden ser complicadas y estamos aqu\u00ed para ayudarte. Aqu\u00ed tienes algunos datos \u00fatiles que debes saber como cliente de King City Community Power (KCCP):<\/p>\t\t\t\t\t\t\t\t<\/div>\n\t\t\t\t<\/div>\n\t\t\t\t<div class=\"elementor-element elementor-element-d7a8d71 elementor-widget__width-inherit elementor-widget elementor-widget-text-editor\" data-id=\"d7a8d71\" data-element_type=\"widget\" data-widget_type=\"text-editor.default\">\n\t\t\t\t<div class=\"elementor-widget-container\">\n\t\t\t\t\t\t\t\t\t<ul><li>Los clientes de KCCP reciben una \u00fanica factura mensual de PG&amp;E que incluye los cargos de KCCP.<\/li><li>No hay cargos adicionales. Los cargos de KCCP reemplazan lo que PG&amp;E le habr\u00eda cobrado por generar electricidad.<\/li><li>PG&amp;E recauda todos los cargos y remite el pago a KCCP<\/li><\/ul>\t\t\t\t\t\t\t\t<\/div>\n\t\t\t\t<\/div>\n\t\t\t\t<div class=\"elementor-element elementor-element-9f833f9 elementor-widget__width-inherit elementor-widget elementor-widget-text-editor\" data-id=\"9f833f9\" data-element_type=\"widget\" data-widget_type=\"text-editor.default\">\n\t\t\t\t<div class=\"elementor-widget-container\">\n\t\t\t\t\t\t\t\t\t<p>Para obtener una explicaci\u00f3n detallada de su factura, haga clic a continuaci\u00f3n.<\/p>\t\t\t\t\t\t\t\t<\/div>\n\t\t\t\t<\/div>\n\t\t\t\t<div class=\"elementor-element elementor-element-233ff07 elementor-align-center elementor-widget elementor-widget-button\" data-id=\"233ff07\" data-element_type=\"widget\" data-widget_type=\"button.default\">\n\t\t\t\t<div class=\"elementor-widget-container\">\n\t\t\t\t\t\t\t\t\t<div class=\"elementor-button-wrapper\">\n\t\t\t\t\t<a class=\"elementor-button elementor-button-link elementor-size-sm\" href=\"https:\/\/kccp.datadesignsystems.dev\/es\/como-examinar-su-factura\/\" target=\"_blank\">\n\t\t\t\t\t\t<span class=\"elementor-button-content-wrapper\">\n\t\t\t\t\t\t\t\t\t<span class=\"elementor-button-text\">Descripci\u00f3n general del proyecto de ley<\/span>\n\t\t\t\t\t<\/span>\n\t\t\t\t\t<\/a>\n\t\t\t\t<\/div>\n\t\t\t\t\t\t\t\t<\/div>\n\t\t\t\t<\/div>\n\t\t\t\t\t<\/div>\n\t\t\t\t<\/div>\n\t\t<div class=\"elementor-element elementor-element-4a58e69 e-flex e-con-boxed e-con e-parent\" data-id=\"4a58e69\" data-element_type=\"container\">\n\t\t\t\t\t<div class=\"e-con-inner\">\n\t\t\t\t<div class=\"elementor-element elementor-element-7cce94d elementor-widget elementor-widget-vindsectiontitle\" data-id=\"7cce94d\" data-element_type=\"widget\" data-widget_type=\"vindsectiontitle.default\">\n\t\t\t\t<div class=\"elementor-widget-container\">\n\t\t\t\t\t<div class=\"section-title-wrapper margin-bottom-0 text-center\"><div class=\"title-wrap\"><h2 class=\"section-title\">Los clientes de energ\u00eda solar y Medici\u00f3n de Energ\u00eda Neta (NEM)<\/h2><\/div><!-- .title-wrap --><div class=\"section-description\">El programa de Medici\u00f3n de Energ\u00eda Neta (NEM) est\u00e1 disponible para clientes que han instalado un sistema de energ\u00eda solar en su techo. Si participa en el programa NEM de PG&amp;E, \u00a1se inscribe autom\u00e1ticamente en el nuestro! Consulte los beneficios del programa NEM de KCCP a continuaci\u00f3n:<\/div><!-- .section-description --><\/div><!-- .section-title-wrapper -->\t\t\t\t<\/div>\n\t\t\t\t<\/div>\n\t\t\t\t\t<\/div>\n\t\t\t\t<\/div>\n\t\t<div class=\"elementor-element elementor-element-028c4bd e-flex e-con-boxed e-con e-parent\" data-id=\"028c4bd\" data-element_type=\"container\">\n\t\t\t\t\t<div class=\"e-con-inner\">\n\t\t<div class=\"elementor-element elementor-element-faac92c e-grid e-con-full e-con e-child\" data-id=\"faac92c\" data-element_type=\"container\">\n\t\t\t\t<div class=\"elementor-element elementor-element-75f5337 elementor-view-default elementor-position-top elementor-mobile-position-top elementor-widget elementor-widget-icon-box\" data-id=\"75f5337\" data-element_type=\"widget\" data-widget_type=\"icon-box.default\">\n\t\t\t\t<div class=\"elementor-widget-container\">\n\t\t\t\t\t\t\t<div class=\"elementor-icon-box-wrapper\">\n\n\t\t\t\t\t\t<div class=\"elementor-icon-box-icon\">\n\t\t\t\t<span  class=\"elementor-icon\">\n\t\t\t\t<svg aria-hidden=\"true\" class=\"e-font-icon-svg e-fas-money-check-alt\" viewbox=\"0 0 640 512\" xmlns=\"http:\/\/www.w3.org\/2000\/svg\"><path d=\"M608 32H32C14.33 32 0 46.33 0 64v384c0 17.67 14.33 32 32 32h576c17.67 0 32-14.33 32-32V64c0-17.67-14.33-32-32-32zM176 327.88V344c0 4.42-3.58 8-8 8h-16c-4.42 0-8-3.58-8-8v-16.29c-11.29-.58-22.27-4.52-31.37-11.35-3.9-2.93-4.1-8.77-.57-12.14l11.75-11.21c2.77-2.64 6.89-2.76 10.13-.73 3.87 2.42 8.26 3.72 12.82 3.72h28.11c6.5 0 11.8-5.92 11.8-13.19 0-5.95-3.61-11.19-8.77-12.73l-45-13.5c-18.59-5.58-31.58-23.42-31.58-43.39 0-24.52 19.05-44.44 42.67-45.07V152c0-4.42 3.58-8 8-8h16c4.42 0 8 3.58 8 8v16.29c11.29.58 22.27 4.51 31.37 11.35 3.9 2.93 4.1 8.77.57 12.14l-11.75 11.21c-2.77 2.64-6.89 2.76-10.13.73-3.87-2.43-8.26-3.72-12.82-3.72h-28.11c-6.5 0-11.8 5.92-11.8 13.19 0 5.95 3.61 11.19 8.77 12.73l45 13.5c18.59 5.58 31.58 23.42 31.58 43.39 0 24.53-19.05 44.44-42.67 45.07zM416 312c0 4.42-3.58 8-8 8H296c-4.42 0-8-3.58-8-8v-16c0-4.42 3.58-8 8-8h112c4.42 0 8 3.58 8 8v16zm160 0c0 4.42-3.58 8-8 8h-80c-4.42 0-8-3.58-8-8v-16c0-4.42 3.58-8 8-8h80c4.42 0 8 3.58 8 8v16zm0-96c0 4.42-3.58 8-8 8H296c-4.42 0-8-3.58-8-8v-16c0-4.42 3.58-8 8-8h272c4.42 0 8 3.58 8 8v16z\"><\/path><\/svg>\t\t\t\t<\/span>\n\t\t\t<\/div>\n\t\t\t\n\t\t\t\t\t\t<div class=\"elementor-icon-box-content\">\n\n\t\t\t\t\t\t\t\t\t<h3 class=\"elementor-icon-box-title\">\n\t\t\t\t\t\t<span  >\n\t\t\t\t\t\t\tReducci\u00f3n de factura\t\t\t\t\t\t<\/span>\n\t\t\t\t\t<\/h3>\n\t\t\t\t\n\t\t\t\t\t\t\t\t\t<p class=\"elementor-icon-box-description\">\n\t\t\t\t\t\tLa energ\u00eda que produce reduce directamente su factura mensual de electricidad.\t\t\t\t\t<\/p>\n\t\t\t\t\n\t\t\t<\/div>\n\t\t\t\n\t\t<\/div>\n\t\t\t\t\t\t<\/div>\n\t\t\t\t<\/div>\n\t\t\t\t<div class=\"elementor-element elementor-element-b779667 elementor-view-default elementor-position-top elementor-mobile-position-top elementor-widget elementor-widget-icon-box\" data-id=\"b779667\" data-element_type=\"widget\" data-widget_type=\"icon-box.default\">\n\t\t\t\t<div class=\"elementor-widget-container\">\n\t\t\t\t\t\t\t<div class=\"elementor-icon-box-wrapper\">\n\n\t\t\t\t\t\t<div class=\"elementor-icon-box-icon\">\n\t\t\t\t<span  class=\"elementor-icon\">\n\t\t\t\t<svg aria-hidden=\"true\" class=\"e-font-icon-svg e-far-file-alt\" viewbox=\"0 0 384 512\" xmlns=\"http:\/\/www.w3.org\/2000\/svg\"><path d=\"M288 248v28c0 6.6-5.4 12-12 12H108c-6.6 0-12-5.4-12-12v-28c0-6.6 5.4-12 12-12h168c6.6 0 12 5.4 12 12zm-12 72H108c-6.6 0-12 5.4-12 12v28c0 6.6 5.4 12 12 12h168c6.6 0 12-5.4 12-12v-28c0-6.6-5.4-12-12-12zm108-188.1V464c0 26.5-21.5 48-48 48H48c-26.5 0-48-21.5-48-48V48C0 21.5 21.5 0 48 0h204.1C264.8 0 277 5.1 286 14.1L369.9 98c9 8.9 14.1 21.2 14.1 33.9zm-128-80V128h76.1L256 51.9zM336 464V176H232c-13.3 0-24-10.7-24-24V48H48v416h288z\"><\/path><\/svg>\t\t\t\t<\/span>\n\t\t\t<\/div>\n\t\t\t\n\t\t\t\t\t\t<div class=\"elementor-icon-box-content\">\n\n\t\t\t\t\t\t\t\t\t<h3 class=\"elementor-icon-box-title\">\n\t\t\t\t\t\t<span  >\n\t\t\t\t\t\t\tCr\u00e9ditos de energ\u00eda\t\t\t\t\t\t<\/span>\n\t\t\t\t\t<\/h3>\n\t\t\t\t\n\t\t\t\t\t\t\t\t\t<p class=\"elementor-icon-box-description\">\n\t\t\t\t\t\tSi produce m\u00e1s energ\u00eda de la que usa cada mes, el exceso de uso se almacenar\u00e1 como un cr\u00e9dito para usted.\t\t\t\t\t<\/p>\n\t\t\t\t\n\t\t\t<\/div>\n\t\t\t\n\t\t<\/div>\n\t\t\t\t\t\t<\/div>\n\t\t\t\t<\/div>\n\t\t\t\t<div class=\"elementor-element elementor-element-fc82c47 elementor-view-default elementor-position-top elementor-mobile-position-top elementor-widget elementor-widget-icon-box\" data-id=\"fc82c47\" data-element_type=\"widget\" data-widget_type=\"icon-box.default\">\n\t\t\t\t<div class=\"elementor-widget-container\">\n\t\t\t\t\t\t\t<div class=\"elementor-icon-box-wrapper\">\n\n\t\t\t\t\t\t<div class=\"elementor-icon-box-icon\">\n\t\t\t\t<span  class=\"elementor-icon\">\n\t\t\t\t<svg aria-hidden=\"true\" class=\"e-font-icon-svg e-fas-cash-register\" viewbox=\"0 0 512 512\" xmlns=\"http:\/\/www.w3.org\/2000\/svg\"><path d=\"M511.1 378.8l-26.7-160c-2.6-15.4-15.9-26.7-31.6-26.7H208v-64h96c8.8 0 16-7.2 16-16V16c0-8.8-7.2-16-16-16H48c-8.8 0-16 7.2-16 16v96c0 8.8 7.2 16 16 16h96v64H59.1c-15.6 0-29 11.3-31.6 26.7L.8 378.7c-.6 3.5-.9 7-.9 10.5V480c0 17.7 14.3 32 32 32h448c17.7 0 32-14.3 32-32v-90.7c.1-3.5-.2-7-.8-10.5zM280 248c0-8.8 7.2-16 16-16h16c8.8 0 16 7.2 16 16v16c0 8.8-7.2 16-16 16h-16c-8.8 0-16-7.2-16-16v-16zm-32 64h16c8.8 0 16 7.2 16 16v16c0 8.8-7.2 16-16 16h-16c-8.8 0-16-7.2-16-16v-16c0-8.8 7.2-16 16-16zm-32-80c8.8 0 16 7.2 16 16v16c0 8.8-7.2 16-16 16h-16c-8.8 0-16-7.2-16-16v-16c0-8.8 7.2-16 16-16h16zM80 80V48h192v32H80zm40 200h-16c-8.8 0-16-7.2-16-16v-16c0-8.8 7.2-16 16-16h16c8.8 0 16 7.2 16 16v16c0 8.8-7.2 16-16 16zm16 64v-16c0-8.8 7.2-16 16-16h16c8.8 0 16 7.2 16 16v16c0 8.8-7.2 16-16 16h-16c-8.8 0-16-7.2-16-16zm216 112c0 4.4-3.6 8-8 8H168c-4.4 0-8-3.6-8-8v-16c0-4.4 3.6-8 8-8h176c4.4 0 8 3.6 8 8v16zm24-112c0 8.8-7.2 16-16 16h-16c-8.8 0-16-7.2-16-16v-16c0-8.8 7.2-16 16-16h16c8.8 0 16 7.2 16 16v16zm48-80c0 8.8-7.2 16-16 16h-16c-8.8 0-16-7.2-16-16v-16c0-8.8 7.2-16 16-16h16c8.8 0 16 7.2 16 16v16z\"><\/path><\/svg>\t\t\t\t<\/span>\n\t\t\t<\/div>\n\t\t\t\n\t\t\t\t\t\t<div class=\"elementor-icon-box-content\">\n\n\t\t\t\t\t\t\t\t\t<h3 class=\"elementor-icon-box-title\">\n\t\t\t\t\t\t<span  >\n\t\t\t\t\t\t\tPago en julio\t\t\t\t\t\t<\/span>\n\t\t\t\t\t<\/h3>\n\t\t\t\t\n\t\t\t\t\t\t\t\t\t<p class=\"elementor-icon-box-description\">\n\t\t\t\t\t\tSi en julio su saldo es de m\u00e1s de $100, le enviaremos un cheque por el saldo total* \n* M\u00e1x. de $5,000\t\t\t\t\t<\/p>\n\t\t\t\t\n\t\t\t<\/div>\n\t\t\t\n\t\t<\/div>\n\t\t\t\t\t\t<\/div>\n\t\t\t\t<\/div>\n\t\t\t\t<\/div>\n\t\t\t\t<div class=\"elementor-element elementor-element-7c492f3 elementor-widget elementor-widget-text-editor\" data-id=\"7c492f3\" data-element_type=\"widget\" data-widget_type=\"text-editor.default\">\n\t\t\t\t<div class=\"elementor-widget-container\">\n\t\t\t\t\t\t\t\t\t<p><a href=\"https:\/\/kccp.datadesignsystems.dev\/wp-content\/uploads\/2025\/05\/KCCP-NEM-Program.pdf\" target=\"_blank\" rel=\"noopener\">detalles del programa<\/a><\/p>\t\t\t\t\t\t\t\t<\/div>\n\t\t\t\t<\/div>\n\t\t\t\t\t<\/div>\n\t\t\t\t<\/div>\n\t\t\t\t<\/div>","protected":false},"excerpt":{"rendered":"<p>Billing &amp; Rates Since 2018, King City Community Power has provided competitive electric generation rates compared to PG&#038;E. In addition to our cost-effective pricing, KCCP offers annual rebates and discounted electric costs to our customers, making our energy solution even more affordable. View the Average Monthly Cost for each customer type below. Residential Rates Commercial<\/p>","protected":false},"author":1,"featured_media":0,"parent":0,"menu_order":0,"comment_status":"closed","ping_status":"closed","template":"elementor_header_footer","meta":{"footnotes":""},"class_list":["post-16453","page","type-page","status-publish","hentry"],"_links":{"self":[{"href":"https:\/\/kccp.datadesignsystems.dev\/es\/wp-json\/wp\/v2\/pages\/16453","targetHints":{"allow":["GET"]}}],"collection":[{"href":"https:\/\/kccp.datadesignsystems.dev\/es\/wp-json\/wp\/v2\/pages"}],"about":[{"href":"https:\/\/kccp.datadesignsystems.dev\/es\/wp-json\/wp\/v2\/types\/page"}],"author":[{"embeddable":true,"href":"https:\/\/kccp.datadesignsystems.dev\/es\/wp-json\/wp\/v2\/users\/1"}],"replies":[{"embeddable":true,"href":"https:\/\/kccp.datadesignsystems.dev\/es\/wp-json\/wp\/v2\/comments?post=16453"}],"version-history":[{"count":232,"href":"https:\/\/kccp.datadesignsystems.dev\/es\/wp-json\/wp\/v2\/pages\/16453\/revisions"}],"predecessor-version":[{"id":18934,"href":"https:\/\/kccp.datadesignsystems.dev\/es\/wp-json\/wp\/v2\/pages\/16453\/revisions\/18934"}],"wp:attachment":[{"href":"https:\/\/kccp.datadesignsystems.dev\/es\/wp-json\/wp\/v2\/media?parent=16453"}],"curies":[{"name":"wp","href":"https:\/\/api.w.org\/{rel}","templated":true}]}}