{"id":16637,"date":"2025-05-08T12:47:54","date_gmt":"2025-05-08T12:47:54","guid":{"rendered":"https:\/\/kccp.datadesignsystems.dev\/?page_id=16637"},"modified":"2025-06-26T17:03:10","modified_gmt":"2025-06-26T17:03:10","slug":"optar-a-no-participar","status":"publish","type":"page","link":"https:\/\/kccp.datadesignsystems.dev\/es\/optar-a-no-participar\/","title":{"rendered":"Optar A No Participar"},"content":{"rendered":"<div data-elementor-type=\"wp-page\" data-elementor-id=\"16637\" class=\"elementor elementor-16637\" data-elementor-post-type=\"page\">\n\t\t\t\t<div class=\"elementor-element elementor-element-86d3ee3 e-flex e-con-boxed e-con e-parent\" data-id=\"86d3ee3\" data-element_type=\"container\">\n\t\t\t\t\t<div class=\"e-con-inner\">\n\t\t\t\t<div class=\"elementor-element elementor-element-e229b5b elementor-widget elementor-widget-heading\" data-id=\"e229b5b\" data-element_type=\"widget\" data-widget_type=\"heading.default\">\n\t\t\t\t<div class=\"elementor-widget-container\">\n\t\t\t\t\t<h2 class=\"elementor-heading-title elementor-size-default\">C\u00f3mo Pedir Optar a no Participar<\/h2>\t\t\t\t<\/div>\n\t\t\t\t<\/div>\n\t\t\t\t<div class=\"elementor-element elementor-element-50d3cb0 elementor-widget__width-initial elementor-widget elementor-widget-text-editor\" data-id=\"50d3cb0\" data-element_type=\"widget\" data-widget_type=\"text-editor.default\">\n\t\t\t\t<div class=\"elementor-widget-container\">\n\t\t\t\t\t\t\t\t\t<p>Nos esforzamos por ofrecer a los clientes de KCCP las mejores tarifas y energ\u00eda m\u00e1s limpia. Si decide cancelar su suscripci\u00f3n a KCCP y regresar al servicio de PG&amp;E, complete el formulario de cancelaci\u00f3n a continuaci\u00f3n. Su solicitud tardar\u00e1 hasta 5 d\u00edas h\u00e1biles en procesarse y entrar\u00e1 en vigor en su pr\u00f3ximo ciclo de facturaci\u00f3n.<\/p>\t\t\t\t\t\t\t\t<\/div>\n\t\t\t\t<\/div>\n\t\t<div class=\"elementor-element elementor-element-2da32c3 e-con-full e-flex e-con e-child\" data-id=\"2da32c3\" data-element_type=\"container\">\n\t\t\t\t<div class=\"elementor-element elementor-element-7c92ce1 elementor-widget__width-initial elementor-widget-mobile__width-initial elementor-widget elementor-widget-text-editor\" data-id=\"7c92ce1\" data-element_type=\"widget\" data-widget_type=\"text-editor.default\">\n\t\t\t\t<div class=\"elementor-widget-container\">\n\t\t\t\t\t\t\t\t\t<p>\u00bfTodav\u00eda no est\u00e1 seguro si desea optar por no participar? Consulte nuestra <a href=\"https:\/\/kccp.datadesignsystems.dev\/es\/preguntas-frecuentes\/\"><strong>Preguntas frecuentes<\/strong><\/a> p\u00e1gina o no dudes en contactarnos <a href=\"#elementor-action%3Aaction%3Dpopup%3Aopen%26settings%3DeyJpZCI6IjE3NDg5IiwidG9nZ2xlIjpmYWxzZX0%3D\" rel=\"noopener\">aqu\u00ed <\/a>o con nuestro centro de atenci\u00f3n al cliente:<a href=\"tel:1-833-888\"> 1-833-888-KING (5464)<\/a>.<\/p>\t\t\t\t\t\t\t\t<\/div>\n\t\t\t\t<\/div>\n\t\t\t\t<\/div>\n\t\t\t\t\t<\/div>\n\t\t\t\t<\/div>\n\t\t<div class=\"elementor-element elementor-element-7ab6fa2 e-flex e-con-boxed e-con e-parent\" data-id=\"7ab6fa2\" data-element_type=\"container\">\n\t\t\t\t\t<div class=\"e-con-inner\">\n\t\t\t\t<div class=\"elementor-element elementor-element-02e514a set-opt-in elementor-widget__width-initial elementor-widget elementor-widget-wpforms\" data-id=\"02e514a\" data-element_type=\"widget\" data-widget_type=\"wpforms.default\">\n\t\t\t\t<div class=\"elementor-widget-container\">\n\t\t\t\t\t<style id=\"wpforms-css-vars-elementor-widget-02e514a\">\n\t\t\t\t.elementor-widget-wpforms.elementor-element-02e514a {\n\t\t\t\t--wpforms-field-size-input-height: 43px;\n--wpforms-field-size-input-spacing: 15px;\n--wpforms-field-size-font-size: 16px;\n--wpforms-field-size-line-height: 19px;\n--wpforms-field-size-padding-h: 14px;\n--wpforms-field-size-checkbox-size: 16px;\n--wpforms-field-size-sublabel-spacing: 5px;\n--wpforms-field-size-icon-size: 1;\n--wpforms-label-size-font-size: 16px;\n--wpforms-label-size-line-height: 19px;\n--wpforms-label-size-sublabel-font-size: 14px;\n--wpforms-label-size-sublabel-line-height: 17px;\n--wpforms-button-size-font-size: 17px;\n--wpforms-button-size-height: 41px;\n--wpforms-button-size-padding-h: 15px;\n--wpforms-button-size-margin-top: 10px;\n\n\t\t\t}\n\t\t\t<\/style><div class=\"wpforms-container wpforms-container-full wpforms-render-modern\" id=\"wpforms-17124\"><form id=\"wpforms-form-17124\" class=\"wpforms-validate wpforms-form wpforms-ajax-form\" data-formid=\"17124\" method=\"post\" enctype=\"multipart\/form-data\" action=\"\/es\/wp-json\/wp\/v2\/pages\/16637\" data-token=\"8d3e0f35bfd631d1e28e344f1a75ef9c\" data-token-time=\"1776620637\" data-trp-original-action=\"\/es\/wp-json\/wp\/v2\/pages\/16637\"><noscript class=\"wpforms-error-noscript\">Por favor, activa JavaScript en tu navegador para completar este formulario.<\/noscript><div class=\"wpforms-hidden\" id=\"wpforms-error-noscript\">Por favor, activa JavaScript en tu navegador para completar este formulario.<\/div><div class=\"wpforms-field-container\"><div id=\"wpforms-17124-field_4-container\" class=\"wpforms-field wpforms-field-layout\" data-field-id=\"4\"><div class=\"wpforms-field-layout-rows wpforms-field-large\"><div class=\"wpforms-layout-row\"><div class=\"wpforms-layout-column wpforms-layout-column-50\"><div id=\"wpforms-17124-field_6-container\" class=\"wpforms-field wpforms-field-text\" data-field-id=\"6\"><label class=\"wpforms-field-label\" for=\"wpforms-17124-field_6\">N\u00famero de cuenta de energ\u00eda el\u00e9ctrica de PG&amp;E <span class=\"wpforms-required-label\" aria-hidden=\"true\">*<\/span><\/label><input type=\"text\" id=\"wpforms-17124-field_6\" class=\"wpforms-field-medium wpforms-field-required\" name=\"wpforms[fields][6]\" placeholder=\"Ingrese su n\u00famero de cuenta de PG&amp;E\" aria-errormessage=\"wpforms-17124-field_6-error\" required><\/div><\/div><div class=\"wpforms-layout-column wpforms-layout-column-50\"><div id=\"wpforms-17124-field_2-container\" class=\"wpforms-field wpforms-field-name name-on-account\" data-field-id=\"2\"><fieldset><legend class=\"wpforms-field-label\">Nombre en la cuenta <span class=\"wpforms-required-label\" aria-hidden=\"true\">*<\/span><\/legend><div class=\"wpforms-field-row wpforms-field-large\"><div class=\"wpforms-field-row-block wpforms-first wpforms-one-half\"><input type=\"text\" id=\"wpforms-17124-field_2\" class=\"wpforms-field-name-first wpforms-field-required\" name=\"wpforms[fields][2][first]\" placeholder=\"Nombre de pila\" aria-errormessage=\"wpforms-17124-field_2-error\" required><label for=\"wpforms-17124-field_2\" class=\"wpforms-field-sublabel after wpforms-sublabel-hide\">Nombre<\/label><\/div><div class=\"wpforms-field-row-block wpforms-one-half\"><input type=\"text\" id=\"wpforms-17124-field_2-last\" class=\"wpforms-field-name-last wpforms-field-required\" name=\"wpforms[fields][2][last]\" placeholder=\"Apellido\" aria-errormessage=\"wpforms-17124-field_2-last-error\" required><label for=\"wpforms-17124-field_2-last\" class=\"wpforms-field-sublabel after wpforms-sublabel-hide\">Apellidos<\/label><\/div><\/div><\/fieldset><\/div><\/div><\/div><div class=\"wpforms-layout-row\"><div class=\"wpforms-layout-column wpforms-layout-column-50\"><div id=\"wpforms-17124-field_3-container\" class=\"wpforms-field wpforms-field-select wpforms-conditional-trigger wpforms-field-select-style-classic\" data-field-id=\"3\"><label class=\"wpforms-field-label\" for=\"wpforms-17124-field_3\">Motivo por el que opta por no participar<\/label><select id=\"wpforms-17124-field_3\" class=\"wpforms-field-large\" name=\"wpforms[fields][3]\"><option value=\"2\" >Prefiero quedarme con la compa\u00f1\u00eda el\u00e9ctrica<\/option><option value=\"3\" >El servicio al cliente<\/option><option value=\"5\" >No estoy contento con los precios<\/option><option value=\"4\" >Tengo problemas con la facturaci\u00f3n<\/option><option value=\"1\" >Otro<\/option><\/select><\/div><\/div><div class=\"wpforms-layout-column wpforms-layout-column-50\"><div id=\"wpforms-17124-field_5-container\" class=\"wpforms-field wpforms-field-text wpforms-conditional-field wpforms-conditional-show\" data-field-id=\"5\" style=\"display:none;\"><label class=\"wpforms-field-label\" for=\"wpforms-17124-field_5\">Opt Out Reason Details <span class=\"wpforms-required-label\" aria-hidden=\"true\">*<\/span><\/label><input type=\"text\" id=\"wpforms-17124-field_5\" class=\"wpforms-field-medium wpforms-field-required\" name=\"wpforms[fields][5]\" placeholder=\"Please explain why you are opting out\" aria-errormessage=\"wpforms-17124-field_5-error\" required><\/div><\/div><\/div><\/div><\/div><\/div><!-- .wpforms-field-container --><div class=\"wpforms-submit-container\" ><input type=\"hidden\" name=\"wpforms[id]\" value=\"17124\"><input type=\"hidden\" name=\"page_title\" value=\"\"><input type=\"hidden\" name=\"page_url\" value=\"https:\/\/kccp.datadesignsystems.dev\/es\/wp-json\/wp\/v2\/pages\/16637\"><input type=\"hidden\" name=\"url_referer\" value=\"\"><button type=\"submit\" name=\"wpforms[submit]\" id=\"wpforms-submit-17124\" class=\"wpforms-submit\" data-alt-text=\"Sending...\" data-submit-text=\"Submit Opt Out Request\" aria-live=\"assertive\" value=\"wpforms-submit\">Presentar solicitud de optar por no participar<\/button><img decoding=\"async\" src=\"https:\/\/kccp.datadesignsystems.dev\/wp-content\/plugins\/wpforms\/assets\/images\/submit-spin.svg\" class=\"wpforms-submit-spinner\" style=\"display: none;\" width=\"26\" height=\"26\" alt=\"Cargando\"><\/div><input type=\"hidden\" name=\"trp-form-language\" value=\"es\"\/><\/form><\/div>  <!-- .wpforms-container -->\t\t\t\t<\/div>\n\t\t\t\t<\/div>\n\t\t\t\t<div class=\"elementor-element elementor-element-fc1c7c6 elementor-widget elementor-widget-heading\" data-id=\"fc1c7c6\" data-element_type=\"widget\" data-widget_type=\"heading.default\">\n\t\t\t\t<div class=\"elementor-widget-container\">\n\t\t\t\t\t<h2 class=\"elementor-heading-title elementor-size-default\"><a href=\"https:\/\/kccp.datadesignsystems.dev\/es\/como-examinar-su-factura\/\">Haga clic aqu\u00ed para ver una factura modelo<\/a><\/h2>\t\t\t\t<\/div>\n\t\t\t\t<\/div>\n\t\t\t\t\t<\/div>\n\t\t\t\t<\/div>\n\t\t<div class=\"elementor-element elementor-element-42dca138 e-flex e-con-boxed e-con e-parent\" data-id=\"42dca138\" data-element_type=\"container\">\n\t\t\t\t\t<div class=\"e-con-inner\">\n\t\t\t\t<div class=\"elementor-element elementor-element-d3b14c5 elementor-widget elementor-widget-heading\" data-id=\"d3b14c5\" data-element_type=\"widget\" data-widget_type=\"heading.default\">\n\t\t\t\t<div class=\"elementor-widget-container\">\n\t\t\t\t\t<h2 class=\"elementor-heading-title elementor-size-default\">Preguntas Frecuentes<\/h2>\t\t\t\t<\/div>\n\t\t\t\t<\/div>\n\t\t\t\t<div class=\"elementor-element elementor-element-61e04cb0 elementor-widget__width-initial elementor-widget elementor-widget-n-accordion\" data-id=\"61e04cb0\" data-element_type=\"widget\" data-settings=\"{&quot;default_state&quot;:&quot;expanded&quot;,&quot;max_items_expended&quot;:&quot;one&quot;,&quot;n_accordion_animation_duration&quot;:{&quot;unit&quot;:&quot;ms&quot;,&quot;size&quot;:400,&quot;sizes&quot;:[]}}\" data-widget_type=\"nested-accordion.default\">\n\t\t\t\t<div class=\"elementor-widget-container\">\n\t\t\t\t\t\t\t<div class=\"e-n-accordion\" aria-label=\"Usando su \u00faltima factura de PG&amp;E, localice su n\u00famero de cuenta en la esquina superior derecha. No incluye ning\u00fan n\u00famero despu\u00e9s del gui\u00f3n. Con su n\u00famero de cuenta e informaci\u00f3n de cliente puede optar por no participar en el servicio de KCCP con las cuatro opciones siguientes:Visite nuestra p\u00e1gina de Optar por no ParticiparEnv\u00ede una carta a la siguiente direcci\u00f3n:                KCCP c\/o Pilot Power                8910 University Center Lane, Suite 520                San Diego, CA 92122Devuelva a KCCP el aviso que se le envi\u00f3 por correo.Llame a nuestro centro de atenci\u00f3n al cliente: 1-833-888-KING (5464)KCCP no le aplicar\u00e1 ning\u00fan cargo si opta por no participar o si reconsidera optar con participar y desea recibir el servicio de KCCP.Si usted opta por no participar dentro de un plazo de 2 meses de haber comenzado el servicio con nosotros, sus cargos de energ\u00eda el\u00e9ctrica de PG&amp;E y los t\u00e9rminos de servicio no deben verse afectados.Si usted opta por no participar despu\u00e9s de un plazo de 2 meses de servicio de KCCP, por favor llame a PG&amp;E para obtener m\u00e1s informaci\u00f3n con respecto a los t\u00e9rminos de servicio, incluidas las restricciones sobre volver al servicio de KCCP.\">\n\t\t\t\t\t\t<details id=\"e-n-accordion-item-1640\" class=\"e-n-accordion-item\" open>\n\t\t\t\t<summary class=\"e-n-accordion-item-title\" data-accordion-index=\"1\" tabindex=\"0\" aria-expanded=\"true\" aria-controls=\"e-n-accordion-item-1640\" >\n\t\t\t\t\t<span class='e-n-accordion-item-title-header'><div class=\"e-n-accordion-item-title-text\"> \u00bfPuedo volver al servicio de KCCP despu\u00e9s de optar por no participar? <\/div><\/span>\n\t\t\t\t\t\t\t<span class='e-n-accordion-item-title-icon'>\n\t\t\t<span class='e-opened' ><svg aria-hidden=\"true\" class=\"e-font-icon-svg e-fas-angle-up\" viewbox=\"0 0 320 512\" xmlns=\"http:\/\/www.w3.org\/2000\/svg\"><path d=\"M177 159.7l136 136c9.4 9.4 9.4 24.6 0 33.9l-22.6 22.6c-9.4 9.4-24.6 9.4-33.9 0L160 255.9l-96.4 96.4c-9.4 9.4-24.6 9.4-33.9 0L7 329.7c-9.4-9.4-9.4-24.6 0-33.9l136-136c9.4-9.5 24.6-9.5 34-.1z\"><\/path><\/svg><\/span>\n\t\t\t<span class='e-closed'><svg aria-hidden=\"true\" class=\"e-font-icon-svg e-fas-angle-down\" viewbox=\"0 0 320 512\" xmlns=\"http:\/\/www.w3.org\/2000\/svg\"><path d=\"M143 352.3L7 216.3c-9.4-9.4-9.4-24.6 0-33.9l22.6-22.6c9.4-9.4 24.6-9.4 33.9 0l96.4 96.4 96.4-96.4c9.4-9.4 24.6-9.4 33.9 0l22.6 22.6c9.4 9.4 9.4 24.6 0 33.9l-136 136c-9.2 9.4-24.4 9.4-33.8 0z\"><\/path><\/svg><\/span>\n\t\t<\/span>\n\n\t\t\t\t\t\t<\/summary>\n\t\t\t\t<div role=\"region\" aria-labelledby=\"e-n-accordion-item-1640\" class=\"elementor-element elementor-element-1254acfc e-con-full e-flex e-con e-child\" data-id=\"1254acfc\" data-element_type=\"container\">\n\t\t\t\t<div class=\"elementor-element elementor-element-7a7ea415 elementor-widget elementor-widget-text-editor\" data-id=\"7a7ea415\" data-element_type=\"widget\" data-widget_type=\"text-editor.default\">\n\t\t\t\t<div class=\"elementor-widget-container\">\n\t\t\t\t\t\t\t\t\t<p>\u00a1Claro que s\u00ed! Los clientes que optan por no participar antes, o dentro de un plazo de 2 meses, de haber comenzado el servicio de KCCP pueden volver a recibir el servicio en cualquier momento. Advertencia: si usted opta por no participar despu\u00e9s de un plazo de 2 meses de haber comenzado el servicio, PG&amp;E le prohibir\u00e1 volver a optar con participar en el KCCP por un a\u00f1o.<\/p>\t\t\t\t\t\t\t\t<\/div>\n\t\t\t\t<\/div>\n\t\t\t\t<\/div>\n\t\t\t\t\t<\/details>\n\t\t\t\t\t\t<details id=\"e-n-accordion-item-1641\" class=\"e-n-accordion-item\" >\n\t\t\t\t<summary class=\"e-n-accordion-item-title\" data-accordion-index=\"2\" tabindex=\"-1\" aria-expanded=\"false\" aria-controls=\"e-n-accordion-item-1641\" >\n\t\t\t\t\t<span class='e-n-accordion-item-title-header'><div class=\"e-n-accordion-item-title-text\"> \u00bfPor qu\u00e9 tengo que optar por no participar para volver al servicio regular de PG&amp;E? <\/div><\/span>\n\t\t\t\t\t\t\t<span class='e-n-accordion-item-title-icon'>\n\t\t\t<span class='e-opened' ><svg aria-hidden=\"true\" class=\"e-font-icon-svg e-fas-angle-up\" viewbox=\"0 0 320 512\" xmlns=\"http:\/\/www.w3.org\/2000\/svg\"><path d=\"M177 159.7l136 136c9.4 9.4 9.4 24.6 0 33.9l-22.6 22.6c-9.4 9.4-24.6 9.4-33.9 0L160 255.9l-96.4 96.4c-9.4 9.4-24.6 9.4-33.9 0L7 329.7c-9.4-9.4-9.4-24.6 0-33.9l136-136c9.4-9.5 24.6-9.5 34-.1z\"><\/path><\/svg><\/span>\n\t\t\t<span class='e-closed'><svg aria-hidden=\"true\" class=\"e-font-icon-svg e-fas-angle-down\" viewbox=\"0 0 320 512\" xmlns=\"http:\/\/www.w3.org\/2000\/svg\"><path d=\"M143 352.3L7 216.3c-9.4-9.4-9.4-24.6 0-33.9l22.6-22.6c9.4-9.4 24.6-9.4 33.9 0l96.4 96.4 96.4-96.4c9.4-9.4 24.6-9.4 33.9 0l22.6 22.6c9.4 9.4 9.4 24.6 0 33.9l-136 136c-9.2 9.4-24.4 9.4-33.8 0z\"><\/path><\/svg><\/span>\n\t\t<\/span>\n\n\t\t\t\t\t\t<\/summary>\n\t\t\t\t<div role=\"region\" aria-labelledby=\"e-n-accordion-item-1641\" class=\"elementor-element elementor-element-4a4af4a3 e-con-full e-flex e-con e-child\" data-id=\"4a4af4a3\" data-element_type=\"container\">\n\t\t\t\t<div class=\"elementor-element elementor-element-2467e1fd elementor-widget elementor-widget-text-editor\" data-id=\"2467e1fd\" data-element_type=\"widget\" data-widget_type=\"text-editor.default\">\n\t\t\t\t<div class=\"elementor-widget-container\">\n\t\t\t\t\t\t\t\t\t<p>La ley CCA de California le exige a King City Community Power hacerse el proveedor de generaci\u00f3n de electricidad por defecto para los consumidores dentro de los l\u00edmites de King City. Su elecci\u00f3n es importante para KCCP y usted tiene la opci\u00f3n de volver al servicio regular de PG&amp;E sin ning\u00fan cargo. Puede optar por no participar rellenando el formulario aqu\u00ed, devolviendo el aviso que KCCP le ha enviado a usted por correo, llamando por tel\u00e9fono o enviando una notificaci\u00f3n escrita. Si usted tiene preguntas adicionales, por favor llame a nuestro centro de atenci\u00f3n al cliente: <a href=\"tel:1-833-888\">1-833-888-KING (5464)<\/a>.<\/p>\t\t\t\t\t\t\t\t<\/div>\n\t\t\t\t<\/div>\n\t\t\t\t<\/div>\n\t\t\t\t\t<\/details>\n\t\t\t\t\t<\/div>\n\t\t\t\t\t\t<\/div>\n\t\t\t\t<\/div>\n\t\t\t\t\t<\/div>\n\t\t\t\t<\/div>\n\t\t\t\t<\/div>","protected":false},"excerpt":{"rendered":"<p>Request to Opt Out We strive to provide KCCP customers the best rates along with cleaner energy, but if you decide to opt out of KCCP and return to PG&amp;E service, please complete the opt out form below. It takes up to 5 business days for your request to process and will be effective on<\/p>","protected":false},"author":1,"featured_media":0,"parent":0,"menu_order":0,"comment_status":"closed","ping_status":"closed","template":"","meta":{"footnotes":""},"class_list":["post-16637","page","type-page","status-publish","hentry"],"_links":{"self":[{"href":"https:\/\/kccp.datadesignsystems.dev\/es\/wp-json\/wp\/v2\/pages\/16637","targetHints":{"allow":["GET"]}}],"collection":[{"href":"https:\/\/kccp.datadesignsystems.dev\/es\/wp-json\/wp\/v2\/pages"}],"about":[{"href":"https:\/\/kccp.datadesignsystems.dev\/es\/wp-json\/wp\/v2\/types\/page"}],"author":[{"embeddable":true,"href":"https:\/\/kccp.datadesignsystems.dev\/es\/wp-json\/wp\/v2\/users\/1"}],"replies":[{"embeddable":true,"href":"https:\/\/kccp.datadesignsystems.dev\/es\/wp-json\/wp\/v2\/comments?post=16637"}],"version-history":[{"count":166,"href":"https:\/\/kccp.datadesignsystems.dev\/es\/wp-json\/wp\/v2\/pages\/16637\/revisions"}],"predecessor-version":[{"id":18591,"href":"https:\/\/kccp.datadesignsystems.dev\/es\/wp-json\/wp\/v2\/pages\/16637\/revisions\/18591"}],"wp:attachment":[{"href":"https:\/\/kccp.datadesignsystems.dev\/es\/wp-json\/wp\/v2\/media?parent=16637"}],"curies":[{"name":"wp","href":"https:\/\/api.w.org\/{rel}","templated":true}]}}