{"id":16668,"date":"2025-05-08T13:23:38","date_gmt":"2025-05-08T13:23:38","guid":{"rendered":"https:\/\/kccp.datadesignsystems.dev\/?page_id=16668"},"modified":"2025-06-26T17:01:57","modified_gmt":"2025-06-26T17:01:57","slug":"optar-a-participar","status":"publish","type":"page","link":"https:\/\/kccp.datadesignsystems.dev\/es\/optar-a-participar\/","title":{"rendered":"Optar A Participar"},"content":{"rendered":"<div data-elementor-type=\"wp-page\" data-elementor-id=\"16668\" class=\"elementor elementor-16668\" data-elementor-post-type=\"page\">\n\t\t\t\t<div class=\"elementor-element elementor-element-0b23cf8 e-flex e-con-boxed e-con e-parent\" data-id=\"0b23cf8\" data-element_type=\"container\">\n\t\t\t\t\t<div class=\"e-con-inner\">\n\t\t\t\t<div class=\"elementor-element elementor-element-e229b5b elementor-widget elementor-widget-heading\" data-id=\"e229b5b\" data-element_type=\"widget\" data-widget_type=\"heading.default\">\n\t\t\t\t<div class=\"elementor-widget-container\">\n\t\t\t\t\t<h2 class=\"elementor-heading-title elementor-size-default\">Inscr\u00edbete en King City Community Power<\/h2>\t\t\t\t<\/div>\n\t\t\t\t<\/div>\n\t\t\t\t<div class=\"elementor-element elementor-element-50d3cb0 elementor-widget elementor-widget-text-editor\" data-id=\"50d3cb0\" data-element_type=\"widget\" data-widget_type=\"text-editor.default\">\n\t\t\t\t<div class=\"elementor-widget-container\">\n\t\t\t\t\t\t\t\t\tPor favor llame a nuestro Centro de Atenci\u00f3n al Cliente al \u00a0<span class=\"wixui-rich-text__text\"><a class=\"wixui-rich-text__text\" href=\"tel:8338885464\">1-833-888-KING (5464) .<\/a><\/span><br>o<br>\nComplete el formulario a continuaci\u00f3n para continuar con el proceso de suscripci\u00f3n.\t\t\t\t\t\t\t\t<\/div>\n\t\t\t\t<\/div>\n\t\t\t\t\t<\/div>\n\t\t\t\t<\/div>\n\t\t<div class=\"elementor-element elementor-element-4381c45 set-opt-in e-flex e-con-boxed e-con e-parent\" data-id=\"4381c45\" data-element_type=\"container\">\n\t\t\t\t\t<div class=\"e-con-inner\">\n\t\t\t\t<div class=\"elementor-element elementor-element-c852c9c elementor-widget__width-initial elementor-widget elementor-widget-shortcode\" data-id=\"c852c9c\" data-element_type=\"widget\" data-widget_type=\"shortcode.default\">\n\t\t\t\t<div class=\"elementor-widget-container\">\n\t\t\t\t\t\t\t<div class=\"elementor-shortcode\"><div class=\"wpforms-container wpforms-container-full wpforms-render-modern\" id=\"wpforms-17090\"><form id=\"wpforms-form-17090\" class=\"wpforms-validate wpforms-form wpforms-ajax-form\" data-formid=\"17090\" method=\"post\" enctype=\"multipart\/form-data\" action=\"\/es\/wp-json\/wp\/v2\/pages\/16668\" data-token=\"0719c37aad598ffc2074c6f137072670\" data-token-time=\"1776621039\" data-trp-original-action=\"\/es\/wp-json\/wp\/v2\/pages\/16668\"><noscript class=\"wpforms-error-noscript\">Por favor, activa JavaScript en tu navegador para completar este formulario.<\/noscript><div class=\"wpforms-hidden\" id=\"wpforms-error-noscript\">Por favor, activa JavaScript en tu navegador para completar este formulario.<\/div><div class=\"wpforms-field-container\"><div id=\"wpforms-17090-field_1-container\" class=\"wpforms-field wpforms-field-layout\" data-field-id=\"1\"><div class=\"wpforms-field-layout-rows wpforms-field-large\"><div class=\"wpforms-layout-row\"><div class=\"wpforms-layout-column wpforms-layout-column-50\"><div id=\"wpforms-17090-field_7-container\" class=\"wpforms-field wpforms-field-text\" data-field-id=\"7\"><label class=\"wpforms-field-label\" for=\"wpforms-17090-field_7\">N\u00famero de cuenta de energ\u00eda el\u00e9ctrica de PG&amp;E <span class=\"wpforms-required-label\" aria-hidden=\"true\">*<\/span><\/label><input type=\"text\" id=\"wpforms-17090-field_7\" class=\"wpforms-field-medium wpforms-field-required\" name=\"wpforms[fields][7]\" placeholder=\"N\u00famero de cuenta el\u00e9ctrica de PG&amp;E\" aria-errormessage=\"wpforms-17090-field_7-error\" required><\/div><\/div><div class=\"wpforms-layout-column wpforms-layout-column-50\"><div id=\"wpforms-17090-field_3-container\" class=\"wpforms-field wpforms-field-name name-on-account\" data-field-id=\"3\"><fieldset><legend class=\"wpforms-field-label\">Nombre del titular de la cuenta de PG&amp;E <span class=\"wpforms-required-label\" aria-hidden=\"true\">*<\/span><\/legend><div class=\"wpforms-field-row wpforms-field-medium\"><div class=\"wpforms-field-row-block wpforms-first wpforms-one-half\"><input type=\"text\" id=\"wpforms-17090-field_3\" class=\"wpforms-field-name-first wpforms-field-required\" name=\"wpforms[fields][3][first]\" placeholder=\"Nombre de pila\" aria-errormessage=\"wpforms-17090-field_3-error\" required><label for=\"wpforms-17090-field_3\" class=\"wpforms-field-sublabel after wpforms-sublabel-hide\">Nombre<\/label><\/div><div class=\"wpforms-field-row-block wpforms-one-half\"><input type=\"text\" id=\"wpforms-17090-field_3-last\" class=\"wpforms-field-name-last wpforms-field-required\" name=\"wpforms[fields][3][last]\" placeholder=\"Apellido\" aria-errormessage=\"wpforms-17090-field_3-last-error\" required><label for=\"wpforms-17090-field_3-last\" class=\"wpforms-field-sublabel after wpforms-sublabel-hide\">Apellidos<\/label><\/div><\/div><\/fieldset><\/div><\/div><\/div><div class=\"wpforms-layout-row\"><div class=\"wpforms-layout-column wpforms-layout-column-50\"><div id=\"wpforms-17090-field_4-container\" class=\"wpforms-field wpforms-field-name\" data-field-id=\"4\"><label class=\"wpforms-field-label\" for=\"wpforms-17090-field_4\">Su nombre <span class=\"wpforms-required-label\" aria-hidden=\"true\">*<\/span><\/label><input type=\"text\" id=\"wpforms-17090-field_4\" class=\"wpforms-field-medium wpforms-field-required\" name=\"wpforms[fields][4]\" placeholder=\"Ingrese su n\u00famero de contacto\" aria-errormessage=\"wpforms-17090-field_4-error\" required><\/div><\/div><div class=\"wpforms-layout-column wpforms-layout-column-50\"><div id=\"wpforms-17090-field_5-container\" class=\"wpforms-field wpforms-field-phone\" data-field-id=\"5\"><label class=\"wpforms-field-label\" for=\"wpforms-17090-field_5\">N\u00famero telef\u00f3nico de contacto <span class=\"wpforms-required-label\" aria-hidden=\"true\">*<\/span><\/label><input type=\"tel\" id=\"wpforms-17090-field_5\" class=\"wpforms-field-medium wpforms-field-required wpforms-masked-input\" data-inputmask=\"&#039;mask&#039;: &#039;(999) 999-9999&#039;\" data-rule-us-phone-field=\"true\" data-inputmask-inputmode=\"tel\" name=\"wpforms[fields][5]\" placeholder=\"Ingrese su n\u00famero telef\u00f3nico de contacto\" aria-label=\"N\u00famero telef\u00f3nico de contacto\" aria-errormessage=\"wpforms-17090-field_5-error\" required><\/div><\/div><\/div><div class=\"wpforms-layout-row\"><div class=\"wpforms-layout-column wpforms-layout-column-50\"><div id=\"wpforms-17090-field_6-container\" class=\"wpforms-field wpforms-field-email\" data-field-id=\"6\"><label class=\"wpforms-field-label\" for=\"wpforms-17090-field_6\">Correo electr\u00f3nico <span class=\"wpforms-required-label\" aria-hidden=\"true\">*<\/span><\/label><input type=\"email\" id=\"wpforms-17090-field_6\" class=\"wpforms-field-medium wpforms-field-required\" name=\"wpforms[fields][6]\" placeholder=\"Ingrese su correo electr\u00f3nico\" spellcheck=\"false\" aria-errormessage=\"wpforms-17090-field_6-error\" required><\/div><\/div><div class=\"wpforms-layout-column wpforms-layout-column-50\"><\/div><\/div><\/div><\/div><\/div><!-- .wpforms-field-container --><div class=\"wpforms-submit-container\" ><input type=\"hidden\" name=\"wpforms[id]\" value=\"17090\"><input type=\"hidden\" name=\"page_title\" value=\"\"><input type=\"hidden\" name=\"page_url\" value=\"https:\/\/kccp.datadesignsystems.dev\/es\/wp-json\/wp\/v2\/pages\/16668\"><input type=\"hidden\" name=\"url_referer\" value=\"\"><button type=\"submit\" name=\"wpforms[submit]\" id=\"wpforms-submit-17090\" class=\"wpforms-submit\" data-alt-text=\"Sending...\" data-submit-text=\"Submit Opt-In\" aria-live=\"assertive\" value=\"wpforms-submit\">Env\u00ede su solicitud<\/button><img decoding=\"async\" src=\"https:\/\/kccp.datadesignsystems.dev\/wp-content\/plugins\/wpforms\/assets\/images\/submit-spin.svg\" class=\"wpforms-submit-spinner\" style=\"display: none;\" width=\"26\" height=\"26\" alt=\"Cargando\"><\/div><input type=\"hidden\" name=\"trp-form-language\" value=\"es\"\/><\/form><\/div>  <!-- .wpforms-container --><\/div>\n\t\t\t\t\t\t<\/div>\n\t\t\t\t<\/div>\n\t\t\t\t\t<\/div>\n\t\t\t\t<\/div>\n\t\t\t\t<\/div>","protected":false},"excerpt":{"rendered":"<p>Opt-in to King City Community Power Please call our Customer Care Center at \u00a01-833-888-KING (5464) .or Complete the form below to continue the opt-in process.<\/p>","protected":false},"author":1,"featured_media":0,"parent":0,"menu_order":0,"comment_status":"closed","ping_status":"closed","template":"","meta":{"footnotes":""},"class_list":["post-16668","page","type-page","status-publish","hentry"],"_links":{"self":[{"href":"https:\/\/kccp.datadesignsystems.dev\/es\/wp-json\/wp\/v2\/pages\/16668","targetHints":{"allow":["GET"]}}],"collection":[{"href":"https:\/\/kccp.datadesignsystems.dev\/es\/wp-json\/wp\/v2\/pages"}],"about":[{"href":"https:\/\/kccp.datadesignsystems.dev\/es\/wp-json\/wp\/v2\/types\/page"}],"author":[{"embeddable":true,"href":"https:\/\/kccp.datadesignsystems.dev\/es\/wp-json\/wp\/v2\/users\/1"}],"replies":[{"embeddable":true,"href":"https:\/\/kccp.datadesignsystems.dev\/es\/wp-json\/wp\/v2\/comments?post=16668"}],"version-history":[{"count":55,"href":"https:\/\/kccp.datadesignsystems.dev\/es\/wp-json\/wp\/v2\/pages\/16668\/revisions"}],"predecessor-version":[{"id":18588,"href":"https:\/\/kccp.datadesignsystems.dev\/es\/wp-json\/wp\/v2\/pages\/16668\/revisions\/18588"}],"wp:attachment":[{"href":"https:\/\/kccp.datadesignsystems.dev\/es\/wp-json\/wp\/v2\/media?parent=16668"}],"curies":[{"name":"wp","href":"https:\/\/api.w.org\/{rel}","templated":true}]}}