{"id":18417,"date":"2025-06-18T15:05:53","date_gmt":"2025-06-18T15:05:53","guid":{"rendered":"https:\/\/kccp.datadesignsystems.dev\/?page_id=18417"},"modified":"2025-06-26T19:02:32","modified_gmt":"2025-06-26T19:02:32","slug":"blog","status":"publish","type":"page","link":"https:\/\/kccp.datadesignsystems.dev\/es\/blog\/","title":{"rendered":"Noticias"},"content":{"rendered":"<div data-elementor-type=\"wp-page\" data-elementor-id=\"18417\" class=\"elementor elementor-18417\" data-elementor-post-type=\"page\">\n\t\t\t\t<div class=\"elementor-element elementor-element-7b072ba e-flex e-con-boxed e-con e-parent\" data-id=\"7b072ba\" data-element_type=\"container\" id=\"blog-home\">\n\t\t\t\t\t<div class=\"e-con-inner\">\n\t\t\t\t<div class=\"elementor-element elementor-element-c0c2824 elementor-grid-3 elementor-grid-tablet-2 elementor-grid-mobile-1 elementor-posts--thumbnail-top elementor-card-shadow-yes elementor-posts__hover-gradient elementor-widget elementor-widget-posts\" data-id=\"c0c2824\" data-element_type=\"widget\" data-settings=\"{&quot;pagination_type&quot;:&quot;load_more_infinite_scroll&quot;,&quot;cards_columns&quot;:&quot;3&quot;,&quot;cards_columns_tablet&quot;:&quot;2&quot;,&quot;cards_columns_mobile&quot;:&quot;1&quot;,&quot;cards_row_gap&quot;:{&quot;unit&quot;:&quot;px&quot;,&quot;size&quot;:35,&quot;sizes&quot;:[]},&quot;cards_row_gap_tablet&quot;:{&quot;unit&quot;:&quot;px&quot;,&quot;size&quot;:&quot;&quot;,&quot;sizes&quot;:[]},&quot;cards_row_gap_mobile&quot;:{&quot;unit&quot;:&quot;px&quot;,&quot;size&quot;:&quot;&quot;,&quot;sizes&quot;:[]},&quot;load_more_spinner&quot;:{&quot;value&quot;:&quot;fas fa-spinner&quot;,&quot;library&quot;:&quot;fa-solid&quot;}}\" data-widget_type=\"posts.cards\">\n\t\t\t\t<div class=\"elementor-widget-container\">\n\t\t\t\t\t\t\t<div class=\"elementor-posts-container elementor-posts elementor-posts--skin-cards elementor-grid\">\n\t\t\t\t<article class=\"elementor-post elementor-grid-item post-18403 post type-post status-publish format-standard has-post-thumbnail hentry category-king-city-community\">\n\t\t\t<div class=\"elementor-post__card\">\n\t\t\t\t<a class=\"elementor-post__thumbnail__link\" href=\"https:\/\/kccp.datadesignsystems.dev\/es\/empowering-our-community-annual-energy-payout-for-nem-participants\/\" tabindex=\"-1\" ><div class=\"elementor-post__thumbnail\"><img fetchpriority=\"high\" decoding=\"async\" width=\"714\" height=\"400\" src=\"https:\/\/kccp.datadesignsystems.dev\/wp-content\/uploads\/2025\/06\/NEM.jpg\" class=\"attachment-medium_large size-medium_large wp-image-18406\" alt=\"\" srcset=\"https:\/\/kccp.datadesignsystems.dev\/wp-content\/uploads\/2025\/06\/NEM.jpg 714w, https:\/\/kccp.datadesignsystems.dev\/wp-content\/uploads\/2025\/06\/NEM-18x10.jpg 18w, https:\/\/kccp.datadesignsystems.dev\/wp-content\/uploads\/2025\/06\/NEM-600x336.jpg 600w\" sizes=\"(max-width: 714px) 100vw, 714px\" \/><\/div><\/a>\n\t\t\t\t<div class=\"elementor-post__text\">\n\t\t\t\t<h4 class=\"elementor-post__title\">\n\t\t\t<a href=\"https:\/\/kccp.datadesignsystems.dev\/es\/empowering-our-community-annual-energy-payout-for-nem-participants\/\" >\n\t\t\t\tEmpoderando a nuestra comunidad: Pago anual de energ\u00eda para los participantes de NEM\t\t\t<\/a>\n\t\t<\/h4>\n\t\t\t\t<div class=\"elementor-post__excerpt\">\n\t\t\t<p>En KCCP, creemos en el poder de la comunidad y en la importancia de las soluciones energ\u00e9ticas sostenibles. Nuestro compromiso con usted va m\u00e1s all\u00e1 de simplemente proporcionar electricidad;<\/p>\n\t\t<\/div>\n\t\t\n\t\t<a class=\"elementor-post__read-more\" href=\"https:\/\/kccp.datadesignsystems.dev\/es\/empowering-our-community-annual-energy-payout-for-nem-participants\/\" aria-label=\"Read more about Empowering Our Community: Annual Energy Payout for NEM Participants\" tabindex=\"-1\" >\n\t\t\tLeer m\u00e1s\t\t<\/a>\n\n\t\t\t\t<\/div>\n\t\t\t\t<div class=\"elementor-post__meta-data\">\n\t\t\t\t\t<span class=\"elementor-post-date\">\n\t\t\tjunio 1, 2025\t\t<\/span>\n\t\t\t\t<\/div>\n\t\t\t\t\t<\/div>\n\t\t<\/article>\n\t\t\t\t<article class=\"elementor-post elementor-grid-item post-18407 post type-post status-publish format-standard has-post-thumbnail hentry category-king-city-community\">\n\t\t\t<div class=\"elementor-post__card\">\n\t\t\t\t<a class=\"elementor-post__thumbnail__link\" href=\"https:\/\/kccp.datadesignsystems.dev\/es\/celebrating-our-community-rebates-on-the-horizon\/\" tabindex=\"-1\" ><div class=\"elementor-post__thumbnail\"><img decoding=\"async\" width=\"768\" height=\"512\" src=\"https:\/\/kccp.datadesignsystems.dev\/wp-content\/uploads\/2025\/06\/how-to-read-electric-bill-768x512.webp\" class=\"attachment-medium_large size-medium_large wp-image-18408\" alt=\"\" srcset=\"https:\/\/kccp.datadesignsystems.dev\/wp-content\/uploads\/2025\/06\/how-to-read-electric-bill-768x512.webp 768w, https:\/\/kccp.datadesignsystems.dev\/wp-content\/uploads\/2025\/06\/how-to-read-electric-bill-18x12.webp 18w, https:\/\/kccp.datadesignsystems.dev\/wp-content\/uploads\/2025\/06\/how-to-read-electric-bill-600x400.webp 600w, https:\/\/kccp.datadesignsystems.dev\/wp-content\/uploads\/2025\/06\/how-to-read-electric-bill.webp 1000w\" sizes=\"(max-width: 768px) 100vw, 768px\" \/><\/div><\/a>\n\t\t\t\t<div class=\"elementor-post__text\">\n\t\t\t\t<h4 class=\"elementor-post__title\">\n\t\t\t<a href=\"https:\/\/kccp.datadesignsystems.dev\/es\/celebrating-our-community-rebates-on-the-horizon\/\" >\n\t\t\t\tCelebrando nuestra comunidad: Reembolsos en el horizonte\t\t\t<\/a>\n\t\t<\/h4>\n\t\t\t\t<div class=\"elementor-post__excerpt\">\n\t\t\t<p>Mientras King City Community Power (KCCP) celebra su s\u00e9ptimo a\u00f1o de servicio, nos complace compartir algunas noticias emocionantes con nuestros valiosos clientes. En<\/p>\n\t\t<\/div>\n\t\t\n\t\t<a class=\"elementor-post__read-more\" href=\"https:\/\/kccp.datadesignsystems.dev\/es\/celebrating-our-community-rebates-on-the-horizon\/\" aria-label=\"Read more about Celebrating Our Community: Rebates on the Horizon\" tabindex=\"-1\" >\n\t\t\tLeer m\u00e1s\t\t<\/a>\n\n\t\t\t\t<\/div>\n\t\t\t\t<div class=\"elementor-post__meta-data\">\n\t\t\t\t\t<span class=\"elementor-post-date\">\n\t\t\tdiciembre 15, 2024\t\t<\/span>\n\t\t\t\t<\/div>\n\t\t\t\t\t<\/div>\n\t\t<\/article>\n\t\t\t\t<article class=\"elementor-post elementor-grid-item post-5977 post type-post status-publish format-standard has-post-thumbnail hentry category-renewable-energy category-wind-turbine tag-renewable tag-wind\">\n\t\t\t<div class=\"elementor-post__card\">\n\t\t\t\t<a class=\"elementor-post__thumbnail__link\" href=\"https:\/\/kccp.datadesignsystems.dev\/es\/vientos-de-cambio-en-la-industria-de-servicios-de-turbinas\/\" tabindex=\"-1\" ><div class=\"elementor-post__thumbnail\"><img decoding=\"async\" width=\"768\" height=\"480\" src=\"https:\/\/kccp.datadesignsystems.dev\/wp-content\/uploads\/2020\/04\/blog-2-1.jpg\" class=\"attachment-medium_large size-medium_large wp-image-15564\" alt=\"\" srcset=\"https:\/\/kccp.datadesignsystems.dev\/wp-content\/uploads\/2020\/04\/blog-2-1.jpg 1280w, https:\/\/kccp.datadesignsystems.dev\/wp-content\/uploads\/2020\/04\/blog-2-1-600x375.jpg 600w\" sizes=\"(max-width: 768px) 100vw, 768px\" \/><\/div><\/a>\n\t\t\t\t<div class=\"elementor-post__text\">\n\t\t\t\t<h4 class=\"elementor-post__title\">\n\t\t\t<a href=\"https:\/\/kccp.datadesignsystems.dev\/es\/vientos-de-cambio-en-la-industria-de-servicios-de-turbinas\/\" >\n\t\t\t\tVientos de cambio en la industria de servicios de turbinas\t\t\t<\/a>\n\t\t<\/h4>\n\t\t\t\t<div class=\"elementor-post__excerpt\">\n\t\t\t<p>La industria de servicios de turbinas se encuentra en una encrucijada, impulsada por fuertes corrientes de innovaci\u00f3n, exigencias de sostenibilidad y una demanda energ\u00e9tica en constante evoluci\u00f3n. A medida que las turbinas e\u00f3licas y de gas...<\/p>\n\t\t<\/div>\n\t\t\n\t\t<a class=\"elementor-post__read-more\" href=\"https:\/\/kccp.datadesignsystems.dev\/es\/vientos-de-cambio-en-la-industria-de-servicios-de-turbinas\/\" aria-label=\"Read more about Winds of Change in the Turbine Service Industry\" tabindex=\"-1\" >\n\t\t\tLeer m\u00e1s\t\t<\/a>\n\n\t\t\t\t<\/div>\n\t\t\t\t<div class=\"elementor-post__meta-data\">\n\t\t\t\t\t<span class=\"elementor-post-date\">\n\t\t\tabril 19, 2019\t\t<\/span>\n\t\t\t\t<\/div>\n\t\t\t\t\t<\/div>\n\t\t<\/article>\n\t\t\t\t<\/div>\n\t\t\t\t\t<span class=\"e-load-more-spinner\">\n\t\t\t\t<svg aria-hidden=\"true\" class=\"e-font-icon-svg e-fas-spinner\" viewbox=\"0 0 512 512\" xmlns=\"http:\/\/www.w3.org\/2000\/svg\"><path d=\"M304 48c0 26.51-21.49 48-48 48s-48-21.49-48-48 21.49-48 48-48 48 21.49 48 48zm-48 368c-26.51 0-48 21.49-48 48s21.49 48 48 48 48-21.49 48-48-21.49-48-48-48zm208-208c-26.51 0-48 21.49-48 48s21.49 48 48 48 48-21.49 48-48-21.49-48-48-48zM96 256c0-26.51-21.49-48-48-48S0 229.49 0 256s21.49 48 48 48 48-21.49 48-48zm12.922 99.078c-26.51 0-48 21.49-48 48s21.49 48 48 48 48-21.49 48-48c0-26.509-21.491-48-48-48zm294.156 0c-26.51 0-48 21.49-48 48s21.49 48 48 48 48-21.49 48-48c0-26.509-21.49-48-48-48zM108.922 60.922c-26.51 0-48 21.49-48 48s21.49 48 48 48 48-21.49 48-48-21.491-48-48-48z\"><\/path><\/svg>\t\t\t<\/span>\n\t\t\n\t\t\t\t\t\t<\/div>\n\t\t\t\t<\/div>\n\t\t\t\t\t<\/div>\n\t\t\t\t<\/div>\n\t\t\t\t<\/div>","protected":false},"excerpt":{"rendered":"","protected":false},"author":1,"featured_media":0,"parent":0,"menu_order":0,"comment_status":"closed","ping_status":"closed","template":"","meta":{"footnotes":""},"class_list":["post-18417","page","type-page","status-publish","hentry"],"_links":{"self":[{"href":"https:\/\/kccp.datadesignsystems.dev\/es\/wp-json\/wp\/v2\/pages\/18417","targetHints":{"allow":["GET"]}}],"collection":[{"href":"https:\/\/kccp.datadesignsystems.dev\/es\/wp-json\/wp\/v2\/pages"}],"about":[{"href":"https:\/\/kccp.datadesignsystems.dev\/es\/wp-json\/wp\/v2\/types\/page"}],"author":[{"embeddable":true,"href":"https:\/\/kccp.datadesignsystems.dev\/es\/wp-json\/wp\/v2\/users\/1"}],"replies":[{"embeddable":true,"href":"https:\/\/kccp.datadesignsystems.dev\/es\/wp-json\/wp\/v2\/comments?post=18417"}],"version-history":[{"count":22,"href":"https:\/\/kccp.datadesignsystems.dev\/es\/wp-json\/wp\/v2\/pages\/18417\/revisions"}],"predecessor-version":[{"id":18614,"href":"https:\/\/kccp.datadesignsystems.dev\/es\/wp-json\/wp\/v2\/pages\/18417\/revisions\/18614"}],"wp:attachment":[{"href":"https:\/\/kccp.datadesignsystems.dev\/es\/wp-json\/wp\/v2\/media?parent=18417"}],"curies":[{"name":"wp","href":"https:\/\/api.w.org\/{rel}","templated":true}]}}